{"id":1050,"date":"2021-04-19T15:52:54","date_gmt":"2021-04-19T13:52:54","guid":{"rendered":"https:\/\/corporate.napoleonsportsandcasino.be\/?page_id=1050"},"modified":"2021-04-19T15:52:54","modified_gmt":"2021-04-19T13:52:54","slug":"envie-de-nous-rejoindre","status":"publish","type":"page","link":"https:\/\/corporate.napoleonsportsandcasino.be\/fr\/envie-de-nous-rejoindre\/","title":{"rendered":"Envie de nous rejoindre ?"},"content":{"rendered":"<p><b>Envie de relever le d\u00e9fi ?\u00a0<\/b><\/p>\n<p><span style=\"font-weight: 400;\">Rejoindre l\u2019\u00e9quipe de Napoleon Sports &amp; Casino, c\u2019est travailler tous les jours avec des personnes passionn\u00e9es et soucieuses d\u2019offrir la meilleure exp\u00e9rience aux personnes pr\u00e9sentes sur ses plateformes.\u00a0<\/span><\/p>\n<p><span style=\"font-weight: 400;\">Notre environnement s\u2019adresse \u00e0 celles et ceux pour qui les termes \u201cnouvelles technologies\u201d, \u201cs\u00e9curit\u00e9\u201d, \u201cl\u00e9galit\u00e9\u201d, \u201cconformit\u00e9\u201d, \u201cresponsabilit\u00e9\u201d sont familiers.\u00a0<\/span><\/p>\n<p><span style=\"font-weight: 400;\">Rejoindre Napol\u00e9on, c\u2019est d\u2019abord se retrouver dans ce qui d\u00e9finit notre entreprise:\u00a0<\/span><\/p>\n<ul>\n<li style=\"font-weight: 400;\" aria-level=\"1\"><b>Chez Napoleon Sports &amp; Casino, le num\u00e9rique est au c\u0153ur de nos activit\u00e9s<\/b><span style=\"font-weight: 400;\">. Nous sommes actifs dans le divertissement, li\u00e9 aux nouvelles technologies. Dans notre secteur, rien n\u2019est fig\u00e9! Les changements sont fr\u00e9quents, multiples, rythm\u00e9s par l\u2019\u00e9volution de nos produits et de notre secteur. Nous travaillons dans un esprit d\u2019\u00e9quipe, au service d\u2019une seule ambition: offrir la meilleure exp\u00e9rience \u00e0 nos clients, dans un environnement s\u00fbr et s\u00e9curis\u00e9.\u00a0<\/span><\/li>\n<li style=\"font-weight: 400;\" aria-level=\"1\"><b>Vous ne vous ennuierez jamais !<\/b><span style=\"font-weight: 400;\"> Chez Napol\u00e9on, les journ\u00e9es ne se ressemblent pas. Vous vous retrouverez dans une atmosph\u00e8re vibrante, o\u00f9 enthousiasme et engagement vont de pair. Nous accueillons volontiers tous les profils: des experts aux d\u00e9butants, pour autant qu\u2019ils aient tous la m\u00eame ambition : se d\u00e9velopper dans un secteur de pointe, envie de relever de nouveaux d\u00e9fis ou simplement soif d\u2019apprendre. Chez nous, le d\u00e9veloppement personnel\u00a0 est au rendez-vous, dans un esprit de performance, d\u2019ouverture et de respect. Le tout dans une atmosph\u00e8re conviviale et d\u00e9tendue.\u00a0<\/span><\/li>\n<\/ul>\n<p><b>Si vous aimez les d\u00e9fis, Napoleon Sports &amp; Casino est l\u2019entreprise qu\u2019il vous faut ! <\/b><span style=\"font-weight: 400;\">Nous encourageons l\u2019autonomie, dans un secteur qui se d\u00e9veloppe rapidement. Nous connaissons une croissance rapide, qui offre de nombreuses opportunit\u00e9s professionnelles. Mais chez Napoleon Sports &amp; Casino, les r\u00e9sultats ne tombent pas du ciel : ils sont le fruit de votre travail, de votre engagement ou de votre \u00e9nergie. Si vous aimez les d\u00e9fis, nous sommes faits pour nous entendre !<\/span><\/p>\n<p><a href=\"https:\/\/corporate.napoleonsportsandcasino.be\/fr\/jobs\/\" target=\"_blank\" rel=\"noopener\">Acc\u00e9der \u00e0 nos offres d&#8217;emploi<\/a><\/p>\n","protected":false},"excerpt":{"rendered":"<p>Envie de relever le d\u00e9fi ?\u00a0 Rejoindre l\u2019\u00e9quipe de Napoleon Sports &amp; Casino, c\u2019est travailler tous les jours&#8230;<\/p>\n","protected":false},"author":2,"featured_media":0,"parent":0,"menu_order":0,"comment_status":"closed","ping_status":"closed","template":"","meta":{"_acf_changed":false,"footnotes":""},"class_list":["post-1050","page","type-page","status-publish","hentry"],"acf":[],"yoast_head":"<!-- This site is optimized with the Yoast SEO plugin v27.2 - https:\/\/yoast.com\/product\/yoast-seo-wordpress\/ -->\n<title>Envie de nous rejoindre ? - Napoleon Corporate<\/title>\n<meta name=\"robots\" content=\"index, follow, max-snippet:-1, max-image-preview:large, max-video-preview:-1\" \/>\n<link rel=\"canonical\" href=\"https:\/\/corporate.napoleonsportsandcasino.be\/fr\/envie-de-nous-rejoindre\/\" \/>\n<meta property=\"og:locale\" content=\"fr_FR\" \/>\n<meta property=\"og:type\" content=\"article\" \/>\n<meta property=\"og:title\" content=\"Envie de nous rejoindre ? - Napoleon Corporate\" \/>\n<meta property=\"og:description\" content=\"Envie de relever le d\u00e9fi ?\u00a0 Rejoindre l\u2019\u00e9quipe de Napoleon Sports &amp; Casino, c\u2019est travailler tous les jours...\" \/>\n<meta property=\"og:url\" content=\"https:\/\/corporate.napoleonsportsandcasino.be\/fr\/envie-de-nous-rejoindre\/\" \/>\n<meta property=\"og:site_name\" content=\"Napoleon Corporate\" \/>\n<meta name=\"twitter:card\" content=\"summary_large_image\" \/>\n<meta name=\"twitter:label1\" content=\"Dur\u00e9e de lecture estim\u00e9e\" \/>\n\t<meta name=\"twitter:data1\" content=\"2 minutes\" \/>\n<script type=\"application\/ld+json\" class=\"yoast-schema-graph\">{\"@context\":\"https:\/\/schema.org\",\"@graph\":[{\"@type\":\"WebPage\",\"@id\":\"https:\/\/corporate.napoleonsportsandcasino.be\/fr\/envie-de-nous-rejoindre\/\",\"url\":\"https:\/\/corporate.napoleonsportsandcasino.be\/fr\/envie-de-nous-rejoindre\/\",\"name\":\"Envie de nous rejoindre ? - Napoleon Corporate\",\"isPartOf\":{\"@id\":\"https:\/\/corporate.napoleonsportsandcasino.be\/fr\/#website\"},\"datePublished\":\"2021-04-19T13:52:54+00:00\",\"breadcrumb\":{\"@id\":\"https:\/\/corporate.napoleonsportsandcasino.be\/fr\/envie-de-nous-rejoindre\/#breadcrumb\"},\"inLanguage\":\"fr-FR\",\"potentialAction\":[{\"@type\":\"ReadAction\",\"target\":[\"https:\/\/corporate.napoleonsportsandcasino.be\/fr\/envie-de-nous-rejoindre\/\"]}]},{\"@type\":\"BreadcrumbList\",\"@id\":\"https:\/\/corporate.napoleonsportsandcasino.be\/fr\/envie-de-nous-rejoindre\/#breadcrumb\",\"itemListElement\":[{\"@type\":\"ListItem\",\"position\":1,\"name\":\"Home\",\"item\":\"https:\/\/corporate.napoleonsportsandcasino.be\/fr\/\"},{\"@type\":\"ListItem\",\"position\":2,\"name\":\"Envie de nous rejoindre ?\"}]},{\"@type\":\"WebSite\",\"@id\":\"https:\/\/corporate.napoleonsportsandcasino.be\/fr\/#website\",\"url\":\"https:\/\/corporate.napoleonsportsandcasino.be\/fr\/\",\"name\":\"Napoleon Corporate\",\"description\":\"\",\"publisher\":{\"@id\":\"https:\/\/corporate.napoleonsportsandcasino.be\/fr\/#organization\"},\"potentialAction\":[{\"@type\":\"SearchAction\",\"target\":{\"@type\":\"EntryPoint\",\"urlTemplate\":\"https:\/\/corporate.napoleonsportsandcasino.be\/fr\/?s={search_term_string}\"},\"query-input\":{\"@type\":\"PropertyValueSpecification\",\"valueRequired\":true,\"valueName\":\"search_term_string\"}}],\"inLanguage\":\"fr-FR\"},{\"@type\":\"Organization\",\"@id\":\"https:\/\/corporate.napoleonsportsandcasino.be\/fr\/#organization\",\"name\":\"Napoleon Sports & Casino - Corporate\",\"url\":\"https:\/\/corporate.napoleonsportsandcasino.be\/fr\/\",\"logo\":{\"@type\":\"ImageObject\",\"inLanguage\":\"fr-FR\",\"@id\":\"https:\/\/corporate.napoleonsportsandcasino.be\/fr\/#\/schema\/logo\/image\/\",\"url\":\"https:\/\/corporate.napoleonsportsandcasino.be\/wp-content\/uploads\/2021\/04\/homepage.jpg\",\"contentUrl\":\"https:\/\/corporate.napoleonsportsandcasino.be\/wp-content\/uploads\/2021\/04\/homepage.jpg\",\"width\":1146,\"height\":706,\"caption\":\"Napoleon Sports & Casino - Corporate\"},\"image\":{\"@id\":\"https:\/\/corporate.napoleonsportsandcasino.be\/fr\/#\/schema\/logo\/image\/\"}}]}<\/script>\n<!-- \/ Yoast SEO plugin. -->","yoast_head_json":{"title":"Envie de nous rejoindre ? - Napoleon Corporate","robots":{"index":"index","follow":"follow","max-snippet":"max-snippet:-1","max-image-preview":"max-image-preview:large","max-video-preview":"max-video-preview:-1"},"canonical":"https:\/\/corporate.napoleonsportsandcasino.be\/fr\/envie-de-nous-rejoindre\/","og_locale":"fr_FR","og_type":"article","og_title":"Envie de nous rejoindre ? - Napoleon Corporate","og_description":"Envie de relever le d\u00e9fi ?\u00a0 Rejoindre l\u2019\u00e9quipe de Napoleon Sports &amp; Casino, c\u2019est travailler tous les jours...","og_url":"https:\/\/corporate.napoleonsportsandcasino.be\/fr\/envie-de-nous-rejoindre\/","og_site_name":"Napoleon Corporate","twitter_card":"summary_large_image","twitter_misc":{"Dur\u00e9e de lecture estim\u00e9e":"2 minutes"},"schema":{"@context":"https:\/\/schema.org","@graph":[{"@type":"WebPage","@id":"https:\/\/corporate.napoleonsportsandcasino.be\/fr\/envie-de-nous-rejoindre\/","url":"https:\/\/corporate.napoleonsportsandcasino.be\/fr\/envie-de-nous-rejoindre\/","name":"Envie de nous rejoindre ? - Napoleon Corporate","isPartOf":{"@id":"https:\/\/corporate.napoleonsportsandcasino.be\/fr\/#website"},"datePublished":"2021-04-19T13:52:54+00:00","breadcrumb":{"@id":"https:\/\/corporate.napoleonsportsandcasino.be\/fr\/envie-de-nous-rejoindre\/#breadcrumb"},"inLanguage":"fr-FR","potentialAction":[{"@type":"ReadAction","target":["https:\/\/corporate.napoleonsportsandcasino.be\/fr\/envie-de-nous-rejoindre\/"]}]},{"@type":"BreadcrumbList","@id":"https:\/\/corporate.napoleonsportsandcasino.be\/fr\/envie-de-nous-rejoindre\/#breadcrumb","itemListElement":[{"@type":"ListItem","position":1,"name":"Home","item":"https:\/\/corporate.napoleonsportsandcasino.be\/fr\/"},{"@type":"ListItem","position":2,"name":"Envie de nous rejoindre ?"}]},{"@type":"WebSite","@id":"https:\/\/corporate.napoleonsportsandcasino.be\/fr\/#website","url":"https:\/\/corporate.napoleonsportsandcasino.be\/fr\/","name":"Napoleon Corporate","description":"","publisher":{"@id":"https:\/\/corporate.napoleonsportsandcasino.be\/fr\/#organization"},"potentialAction":[{"@type":"SearchAction","target":{"@type":"EntryPoint","urlTemplate":"https:\/\/corporate.napoleonsportsandcasino.be\/fr\/?s={search_term_string}"},"query-input":{"@type":"PropertyValueSpecification","valueRequired":true,"valueName":"search_term_string"}}],"inLanguage":"fr-FR"},{"@type":"Organization","@id":"https:\/\/corporate.napoleonsportsandcasino.be\/fr\/#organization","name":"Napoleon Sports & Casino - Corporate","url":"https:\/\/corporate.napoleonsportsandcasino.be\/fr\/","logo":{"@type":"ImageObject","inLanguage":"fr-FR","@id":"https:\/\/corporate.napoleonsportsandcasino.be\/fr\/#\/schema\/logo\/image\/","url":"https:\/\/corporate.napoleonsportsandcasino.be\/wp-content\/uploads\/2021\/04\/homepage.jpg","contentUrl":"https:\/\/corporate.napoleonsportsandcasino.be\/wp-content\/uploads\/2021\/04\/homepage.jpg","width":1146,"height":706,"caption":"Napoleon Sports & Casino - Corporate"},"image":{"@id":"https:\/\/corporate.napoleonsportsandcasino.be\/fr\/#\/schema\/logo\/image\/"}}]}},"_links":{"self":[{"href":"https:\/\/corporate.napoleonsportsandcasino.be\/fr\/wp-json\/wp\/v2\/pages\/1050","targetHints":{"allow":["GET"]}}],"collection":[{"href":"https:\/\/corporate.napoleonsportsandcasino.be\/fr\/wp-json\/wp\/v2\/pages"}],"about":[{"href":"https:\/\/corporate.napoleonsportsandcasino.be\/fr\/wp-json\/wp\/v2\/types\/page"}],"author":[{"embeddable":true,"href":"https:\/\/corporate.napoleonsportsandcasino.be\/fr\/wp-json\/wp\/v2\/users\/2"}],"replies":[{"embeddable":true,"href":"https:\/\/corporate.napoleonsportsandcasino.be\/fr\/wp-json\/wp\/v2\/comments?post=1050"}],"version-history":[{"count":0,"href":"https:\/\/corporate.napoleonsportsandcasino.be\/fr\/wp-json\/wp\/v2\/pages\/1050\/revisions"}],"wp:attachment":[{"href":"https:\/\/corporate.napoleonsportsandcasino.be\/fr\/wp-json\/wp\/v2\/media?parent=1050"}],"curies":[{"name":"wp","href":"https:\/\/api.w.org\/{rel}","templated":true}]}}