{"id":1768,"date":"2021-06-25T20:48:37","date_gmt":"2021-06-25T18:48:37","guid":{"rendered":"https:\/\/corporate.napoleonsportsandcasino.be\/?page_id=1768"},"modified":"2021-06-25T21:00:19","modified_gmt":"2021-06-25T19:00:19","slug":"notre-motivation","status":"publish","type":"page","link":"https:\/\/corporate.napoleonsportsandcasino.be\/fr\/notre-motivation\/","title":{"rendered":"Notre motivation"},"content":{"rendered":"<h3>Nous sommes Napoleon. Une entreprise de divertissement num\u00e9rique.<\/h3>\n<p>Nous sommes une entreprise ax\u00e9e sur la valeur op\u00e9rant dans un march\u00e9 hautement r\u00e9glement\u00e9. Le jeu responsable et la protection des joueurs font partie de notre ADN. Parce que nous nous soucions.<\/p>\n<p>Nous sommes une entreprise leader qui combine une connaissance approfondie du march\u00e9 avec un \u00e9tat d&rsquo;esprit innovant. Nous utilisons des technologies de pointe et appliquons des concepts r\u00e9volutionnaires pour rendre cela possible.<\/p>\n<p>&nbsp;<\/p>\n<h2><img loading=\"lazy\" decoding=\"async\" class=\"size-full wp-image-1348 alignleft\" src=\"https:\/\/corporate.napoleonsportsandcasino.be\/wp-content\/uploads\/2021\/06\/journey.png\" alt=\"\" width=\"79\" height=\"85\" \/><em>We&rsquo;re in this journey together.<\/em><\/h2>\n<h4>L\u2019esprit d&rsquo;\u00e9quipe est notre force, le travail d&rsquo;\u00e9quipe est notre mission.<br \/>\nLa solidarit\u00e9 commence par la curiosit\u00e9 et d\u00e9bouche sur des id\u00e9es nouvelles qui produisent de meilleurs r\u00e9sultats.<\/h4>\n","protected":false},"excerpt":{"rendered":"<p>Nous sommes Napoleon. Une entreprise de divertissement num\u00e9rique. Nous sommes une entreprise ax\u00e9e sur la valeur op\u00e9rant dans&#8230;<\/p>\n","protected":false},"author":15,"featured_media":0,"parent":0,"menu_order":0,"comment_status":"closed","ping_status":"closed","template":"","meta":{"_acf_changed":false,"footnotes":""},"class_list":["post-1768","page","type-page","status-publish","hentry"],"acf":[],"yoast_head":"<!-- This site is optimized with the Yoast SEO plugin v27.2 - https:\/\/yoast.com\/product\/yoast-seo-wordpress\/ -->\n<title>Notre motivation - Napoleon Corporate<\/title>\n<meta name=\"robots\" content=\"index, follow, max-snippet:-1, max-image-preview:large, max-video-preview:-1\" \/>\n<link rel=\"canonical\" href=\"https:\/\/corporate.napoleonsportsandcasino.be\/fr\/notre-motivation\/\" \/>\n<meta property=\"og:locale\" content=\"fr_FR\" \/>\n<meta property=\"og:type\" content=\"article\" \/>\n<meta property=\"og:title\" content=\"Notre motivation - Napoleon Corporate\" \/>\n<meta property=\"og:description\" content=\"Nous sommes Napoleon. Une entreprise de divertissement num\u00e9rique. Nous sommes une entreprise ax\u00e9e sur la valeur op\u00e9rant dans...\" \/>\n<meta property=\"og:url\" content=\"https:\/\/corporate.napoleonsportsandcasino.be\/fr\/notre-motivation\/\" \/>\n<meta property=\"og:site_name\" content=\"Napoleon Corporate\" \/>\n<meta property=\"article:modified_time\" content=\"2021-06-25T19:00:19+00:00\" \/>\n<meta property=\"og:image\" content=\"https:\/\/corporate.napoleonsportsandcasino.be\/wp-content\/uploads\/2021\/06\/journey.png\" \/>\n<meta name=\"twitter:card\" content=\"summary_large_image\" \/>\n<meta name=\"twitter:label1\" content=\"Dur\u00e9e de lecture estim\u00e9e\" \/>\n\t<meta name=\"twitter:data1\" content=\"1 minute\" \/>\n<script type=\"application\/ld+json\" class=\"yoast-schema-graph\">{\"@context\":\"https:\/\/schema.org\",\"@graph\":[{\"@type\":\"WebPage\",\"@id\":\"https:\/\/corporate.napoleonsportsandcasino.be\/fr\/notre-motivation\/\",\"url\":\"https:\/\/corporate.napoleonsportsandcasino.be\/fr\/notre-motivation\/\",\"name\":\"Notre motivation - Napoleon Corporate\",\"isPartOf\":{\"@id\":\"https:\/\/corporate.napoleonsportsandcasino.be\/fr\/#website\"},\"primaryImageOfPage\":{\"@id\":\"https:\/\/corporate.napoleonsportsandcasino.be\/fr\/notre-motivation\/#primaryimage\"},\"image\":{\"@id\":\"https:\/\/corporate.napoleonsportsandcasino.be\/fr\/notre-motivation\/#primaryimage\"},\"thumbnailUrl\":\"https:\/\/corporate.napoleonsportsandcasino.be\/wp-content\/uploads\/2021\/06\/journey.png\",\"datePublished\":\"2021-06-25T18:48:37+00:00\",\"dateModified\":\"2021-06-25T19:00:19+00:00\",\"breadcrumb\":{\"@id\":\"https:\/\/corporate.napoleonsportsandcasino.be\/fr\/notre-motivation\/#breadcrumb\"},\"inLanguage\":\"fr-FR\",\"potentialAction\":[{\"@type\":\"ReadAction\",\"target\":[\"https:\/\/corporate.napoleonsportsandcasino.be\/fr\/notre-motivation\/\"]}]},{\"@type\":\"ImageObject\",\"inLanguage\":\"fr-FR\",\"@id\":\"https:\/\/corporate.napoleonsportsandcasino.be\/fr\/notre-motivation\/#primaryimage\",\"url\":\"https:\/\/corporate.napoleonsportsandcasino.be\/wp-content\/uploads\/2021\/06\/journey.png\",\"contentUrl\":\"https:\/\/corporate.napoleonsportsandcasino.be\/wp-content\/uploads\/2021\/06\/journey.png\"},{\"@type\":\"BreadcrumbList\",\"@id\":\"https:\/\/corporate.napoleonsportsandcasino.be\/fr\/notre-motivation\/#breadcrumb\",\"itemListElement\":[{\"@type\":\"ListItem\",\"position\":1,\"name\":\"Home\",\"item\":\"https:\/\/corporate.napoleonsportsandcasino.be\/fr\/\"},{\"@type\":\"ListItem\",\"position\":2,\"name\":\"Notre motivation\"}]},{\"@type\":\"WebSite\",\"@id\":\"https:\/\/corporate.napoleonsportsandcasino.be\/fr\/#website\",\"url\":\"https:\/\/corporate.napoleonsportsandcasino.be\/fr\/\",\"name\":\"Napoleon Corporate\",\"description\":\"\",\"publisher\":{\"@id\":\"https:\/\/corporate.napoleonsportsandcasino.be\/fr\/#organization\"},\"potentialAction\":[{\"@type\":\"SearchAction\",\"target\":{\"@type\":\"EntryPoint\",\"urlTemplate\":\"https:\/\/corporate.napoleonsportsandcasino.be\/fr\/?s={search_term_string}\"},\"query-input\":{\"@type\":\"PropertyValueSpecification\",\"valueRequired\":true,\"valueName\":\"search_term_string\"}}],\"inLanguage\":\"fr-FR\"},{\"@type\":\"Organization\",\"@id\":\"https:\/\/corporate.napoleonsportsandcasino.be\/fr\/#organization\",\"name\":\"Napoleon Sports & Casino - Corporate\",\"url\":\"https:\/\/corporate.napoleonsportsandcasino.be\/fr\/\",\"logo\":{\"@type\":\"ImageObject\",\"inLanguage\":\"fr-FR\",\"@id\":\"https:\/\/corporate.napoleonsportsandcasino.be\/fr\/#\/schema\/logo\/image\/\",\"url\":\"https:\/\/corporate.napoleonsportsandcasino.be\/wp-content\/uploads\/2021\/04\/homepage.jpg\",\"contentUrl\":\"https:\/\/corporate.napoleonsportsandcasino.be\/wp-content\/uploads\/2021\/04\/homepage.jpg\",\"width\":1146,\"height\":706,\"caption\":\"Napoleon Sports & Casino - Corporate\"},\"image\":{\"@id\":\"https:\/\/corporate.napoleonsportsandcasino.be\/fr\/#\/schema\/logo\/image\/\"}}]}<\/script>\n<!-- \/ Yoast SEO plugin. -->","yoast_head_json":{"title":"Notre motivation - Napoleon Corporate","robots":{"index":"index","follow":"follow","max-snippet":"max-snippet:-1","max-image-preview":"max-image-preview:large","max-video-preview":"max-video-preview:-1"},"canonical":"https:\/\/corporate.napoleonsportsandcasino.be\/fr\/notre-motivation\/","og_locale":"fr_FR","og_type":"article","og_title":"Notre motivation - Napoleon Corporate","og_description":"Nous sommes Napoleon. Une entreprise de divertissement num\u00e9rique. Nous sommes une entreprise ax\u00e9e sur la valeur op\u00e9rant dans...","og_url":"https:\/\/corporate.napoleonsportsandcasino.be\/fr\/notre-motivation\/","og_site_name":"Napoleon Corporate","article_modified_time":"2021-06-25T19:00:19+00:00","og_image":[{"url":"https:\/\/corporate.napoleonsportsandcasino.be\/wp-content\/uploads\/2021\/06\/journey.png","type":"","width":"","height":""}],"twitter_card":"summary_large_image","twitter_misc":{"Dur\u00e9e de lecture estim\u00e9e":"1 minute"},"schema":{"@context":"https:\/\/schema.org","@graph":[{"@type":"WebPage","@id":"https:\/\/corporate.napoleonsportsandcasino.be\/fr\/notre-motivation\/","url":"https:\/\/corporate.napoleonsportsandcasino.be\/fr\/notre-motivation\/","name":"Notre motivation - Napoleon Corporate","isPartOf":{"@id":"https:\/\/corporate.napoleonsportsandcasino.be\/fr\/#website"},"primaryImageOfPage":{"@id":"https:\/\/corporate.napoleonsportsandcasino.be\/fr\/notre-motivation\/#primaryimage"},"image":{"@id":"https:\/\/corporate.napoleonsportsandcasino.be\/fr\/notre-motivation\/#primaryimage"},"thumbnailUrl":"https:\/\/corporate.napoleonsportsandcasino.be\/wp-content\/uploads\/2021\/06\/journey.png","datePublished":"2021-06-25T18:48:37+00:00","dateModified":"2021-06-25T19:00:19+00:00","breadcrumb":{"@id":"https:\/\/corporate.napoleonsportsandcasino.be\/fr\/notre-motivation\/#breadcrumb"},"inLanguage":"fr-FR","potentialAction":[{"@type":"ReadAction","target":["https:\/\/corporate.napoleonsportsandcasino.be\/fr\/notre-motivation\/"]}]},{"@type":"ImageObject","inLanguage":"fr-FR","@id":"https:\/\/corporate.napoleonsportsandcasino.be\/fr\/notre-motivation\/#primaryimage","url":"https:\/\/corporate.napoleonsportsandcasino.be\/wp-content\/uploads\/2021\/06\/journey.png","contentUrl":"https:\/\/corporate.napoleonsportsandcasino.be\/wp-content\/uploads\/2021\/06\/journey.png"},{"@type":"BreadcrumbList","@id":"https:\/\/corporate.napoleonsportsandcasino.be\/fr\/notre-motivation\/#breadcrumb","itemListElement":[{"@type":"ListItem","position":1,"name":"Home","item":"https:\/\/corporate.napoleonsportsandcasino.be\/fr\/"},{"@type":"ListItem","position":2,"name":"Notre motivation"}]},{"@type":"WebSite","@id":"https:\/\/corporate.napoleonsportsandcasino.be\/fr\/#website","url":"https:\/\/corporate.napoleonsportsandcasino.be\/fr\/","name":"Napoleon Corporate","description":"","publisher":{"@id":"https:\/\/corporate.napoleonsportsandcasino.be\/fr\/#organization"},"potentialAction":[{"@type":"SearchAction","target":{"@type":"EntryPoint","urlTemplate":"https:\/\/corporate.napoleonsportsandcasino.be\/fr\/?s={search_term_string}"},"query-input":{"@type":"PropertyValueSpecification","valueRequired":true,"valueName":"search_term_string"}}],"inLanguage":"fr-FR"},{"@type":"Organization","@id":"https:\/\/corporate.napoleonsportsandcasino.be\/fr\/#organization","name":"Napoleon Sports & Casino - Corporate","url":"https:\/\/corporate.napoleonsportsandcasino.be\/fr\/","logo":{"@type":"ImageObject","inLanguage":"fr-FR","@id":"https:\/\/corporate.napoleonsportsandcasino.be\/fr\/#\/schema\/logo\/image\/","url":"https:\/\/corporate.napoleonsportsandcasino.be\/wp-content\/uploads\/2021\/04\/homepage.jpg","contentUrl":"https:\/\/corporate.napoleonsportsandcasino.be\/wp-content\/uploads\/2021\/04\/homepage.jpg","width":1146,"height":706,"caption":"Napoleon Sports & Casino - Corporate"},"image":{"@id":"https:\/\/corporate.napoleonsportsandcasino.be\/fr\/#\/schema\/logo\/image\/"}}]}},"_links":{"self":[{"href":"https:\/\/corporate.napoleonsportsandcasino.be\/fr\/wp-json\/wp\/v2\/pages\/1768","targetHints":{"allow":["GET"]}}],"collection":[{"href":"https:\/\/corporate.napoleonsportsandcasino.be\/fr\/wp-json\/wp\/v2\/pages"}],"about":[{"href":"https:\/\/corporate.napoleonsportsandcasino.be\/fr\/wp-json\/wp\/v2\/types\/page"}],"author":[{"embeddable":true,"href":"https:\/\/corporate.napoleonsportsandcasino.be\/fr\/wp-json\/wp\/v2\/users\/15"}],"replies":[{"embeddable":true,"href":"https:\/\/corporate.napoleonsportsandcasino.be\/fr\/wp-json\/wp\/v2\/comments?post=1768"}],"version-history":[{"count":0,"href":"https:\/\/corporate.napoleonsportsandcasino.be\/fr\/wp-json\/wp\/v2\/pages\/1768\/revisions"}],"wp:attachment":[{"href":"https:\/\/corporate.napoleonsportsandcasino.be\/fr\/wp-json\/wp\/v2\/media?parent=1768"}],"curies":[{"name":"wp","href":"https:\/\/api.w.org\/{rel}","templated":true}]}}