{"id":1786,"date":"2021-06-25T21:01:27","date_gmt":"2021-06-25T19:01:27","guid":{"rendered":"https:\/\/corporate.napoleonsportsandcasino.be\/?page_id=1786"},"modified":"2021-06-25T21:12:59","modified_gmt":"2021-06-25T19:12:59","slug":"comment-notre-entreprise-se-situe-dans-le-monde","status":"publish","type":"page","link":"https:\/\/corporate.napoleonsportsandcasino.be\/fr\/comment-notre-entreprise-se-situe-dans-le-monde\/","title":{"rendered":"Comment notre entreprise se situe dans le monde"},"content":{"rendered":"<h4><em>Napoleon Sports &amp; Casino est une entreprise responsable et \u00e9thique<\/em><\/h4>\n<p>Le divertissement en ligne responsable est notre priorit\u00e9 absolue. Nos jeux et paris en ligne sont une source de divertissement et de d\u00e9tente pour les joueurs. Nous tenons absolument \u00e0 ce que cela ne change pas non plus. C\u2019est pourquoi nous mettons tout en \u0153uvre pour cr\u00e9er un environnement de jeu s\u00fbr et responsable, r\u00e9pondant aux r\u00e8gles les plus strictes. Nous avons mis en place plusieurs syst\u00e8mes pour fournir un maximum d&rsquo;informations et de protection aux joueurs. Des \u00e9quipes d\u00e9di\u00e9es utilisent la meilleure technologie d&rsquo;IA pour prot\u00e9ger les joueurs au maximum et pour pr\u00e9server leurs limites \u00e0 tout moment. Nos \u00e9quipes sont \u00e9galement sp\u00e9cialement form\u00e9es pour signaler imm\u00e9diatement tout comportement irresponsable au joueur et, le cas \u00e9ch\u00e9ant, l\u2019emp\u00eacher de continuer \u00e0 participer.<\/p>\n<p>Napoleon Sports &amp; Casino travaille de mani\u00e8re constructive et en toute transparence avec les autorit\u00e9s de r\u00e9gulation et avec les autres entreprises de notre secteur. Nous combattons toute forme de jeux ou de paris ill\u00e9gaux. Les jeux et paris en ligne doivent \u00eatre passionnants et divertissants, mais sans \u00eatre pr\u00e9judiciables aux joueurs.<\/p>\n<p>Voici quelques-unes de nos mesures strictes de protection et de s\u00e9curit\u00e9.<\/p>\n<p>&nbsp;<\/p>\n<h1>Ajouter un sch\u00e9ma<\/h1>\n","protected":false},"excerpt":{"rendered":"<p>Napoleon Sports &amp; Casino est une entreprise responsable et \u00e9thique Le divertissement en ligne responsable est notre priorit\u00e9&#8230;<\/p>\n","protected":false},"author":15,"featured_media":0,"parent":0,"menu_order":0,"comment_status":"closed","ping_status":"closed","template":"","meta":{"_acf_changed":false,"footnotes":""},"class_list":["post-1786","page","type-page","status-publish","hentry"],"acf":[],"yoast_head":"<!-- This site is optimized with the Yoast SEO plugin v27.2 - https:\/\/yoast.com\/product\/yoast-seo-wordpress\/ -->\n<title>Comment notre entreprise se situe dans le monde - Napoleon Corporate<\/title>\n<meta name=\"robots\" content=\"index, follow, max-snippet:-1, max-image-preview:large, max-video-preview:-1\" \/>\n<link rel=\"canonical\" href=\"https:\/\/corporate.napoleonsportsandcasino.be\/fr\/comment-notre-entreprise-se-situe-dans-le-monde\/\" \/>\n<meta property=\"og:locale\" content=\"fr_FR\" \/>\n<meta property=\"og:type\" content=\"article\" \/>\n<meta property=\"og:title\" content=\"Comment notre entreprise se situe dans le monde - Napoleon Corporate\" \/>\n<meta property=\"og:description\" content=\"Napoleon Sports &amp; Casino est une entreprise responsable et \u00e9thique Le divertissement en ligne responsable est notre priorit\u00e9...\" \/>\n<meta property=\"og:url\" content=\"https:\/\/corporate.napoleonsportsandcasino.be\/fr\/comment-notre-entreprise-se-situe-dans-le-monde\/\" \/>\n<meta property=\"og:site_name\" content=\"Napoleon Corporate\" \/>\n<meta property=\"article:modified_time\" content=\"2021-06-25T19:12:59+00:00\" \/>\n<meta name=\"twitter:card\" content=\"summary_large_image\" \/>\n<meta name=\"twitter:label1\" content=\"Dur\u00e9e de lecture estim\u00e9e\" \/>\n\t<meta name=\"twitter:data1\" content=\"1 minute\" \/>\n<script type=\"application\/ld+json\" class=\"yoast-schema-graph\">{\"@context\":\"https:\/\/schema.org\",\"@graph\":[{\"@type\":\"WebPage\",\"@id\":\"https:\/\/corporate.napoleonsportsandcasino.be\/fr\/comment-notre-entreprise-se-situe-dans-le-monde\/\",\"url\":\"https:\/\/corporate.napoleonsportsandcasino.be\/fr\/comment-notre-entreprise-se-situe-dans-le-monde\/\",\"name\":\"Comment notre entreprise se situe dans le monde - Napoleon Corporate\",\"isPartOf\":{\"@id\":\"https:\/\/corporate.napoleonsportsandcasino.be\/fr\/#website\"},\"datePublished\":\"2021-06-25T19:01:27+00:00\",\"dateModified\":\"2021-06-25T19:12:59+00:00\",\"breadcrumb\":{\"@id\":\"https:\/\/corporate.napoleonsportsandcasino.be\/fr\/comment-notre-entreprise-se-situe-dans-le-monde\/#breadcrumb\"},\"inLanguage\":\"fr-FR\",\"potentialAction\":[{\"@type\":\"ReadAction\",\"target\":[\"https:\/\/corporate.napoleonsportsandcasino.be\/fr\/comment-notre-entreprise-se-situe-dans-le-monde\/\"]}]},{\"@type\":\"BreadcrumbList\",\"@id\":\"https:\/\/corporate.napoleonsportsandcasino.be\/fr\/comment-notre-entreprise-se-situe-dans-le-monde\/#breadcrumb\",\"itemListElement\":[{\"@type\":\"ListItem\",\"position\":1,\"name\":\"Home\",\"item\":\"https:\/\/corporate.napoleonsportsandcasino.be\/fr\/\"},{\"@type\":\"ListItem\",\"position\":2,\"name\":\"Comment notre entreprise se situe dans le monde\"}]},{\"@type\":\"WebSite\",\"@id\":\"https:\/\/corporate.napoleonsportsandcasino.be\/fr\/#website\",\"url\":\"https:\/\/corporate.napoleonsportsandcasino.be\/fr\/\",\"name\":\"Napoleon Corporate\",\"description\":\"\",\"publisher\":{\"@id\":\"https:\/\/corporate.napoleonsportsandcasino.be\/fr\/#organization\"},\"potentialAction\":[{\"@type\":\"SearchAction\",\"target\":{\"@type\":\"EntryPoint\",\"urlTemplate\":\"https:\/\/corporate.napoleonsportsandcasino.be\/fr\/?s={search_term_string}\"},\"query-input\":{\"@type\":\"PropertyValueSpecification\",\"valueRequired\":true,\"valueName\":\"search_term_string\"}}],\"inLanguage\":\"fr-FR\"},{\"@type\":\"Organization\",\"@id\":\"https:\/\/corporate.napoleonsportsandcasino.be\/fr\/#organization\",\"name\":\"Napoleon Sports & Casino - Corporate\",\"url\":\"https:\/\/corporate.napoleonsportsandcasino.be\/fr\/\",\"logo\":{\"@type\":\"ImageObject\",\"inLanguage\":\"fr-FR\",\"@id\":\"https:\/\/corporate.napoleonsportsandcasino.be\/fr\/#\/schema\/logo\/image\/\",\"url\":\"https:\/\/corporate.napoleonsportsandcasino.be\/wp-content\/uploads\/2021\/04\/homepage.jpg\",\"contentUrl\":\"https:\/\/corporate.napoleonsportsandcasino.be\/wp-content\/uploads\/2021\/04\/homepage.jpg\",\"width\":1146,\"height\":706,\"caption\":\"Napoleon Sports & Casino - Corporate\"},\"image\":{\"@id\":\"https:\/\/corporate.napoleonsportsandcasino.be\/fr\/#\/schema\/logo\/image\/\"}}]}<\/script>\n<!-- \/ Yoast SEO plugin. -->","yoast_head_json":{"title":"Comment notre entreprise se situe dans le monde - Napoleon Corporate","robots":{"index":"index","follow":"follow","max-snippet":"max-snippet:-1","max-image-preview":"max-image-preview:large","max-video-preview":"max-video-preview:-1"},"canonical":"https:\/\/corporate.napoleonsportsandcasino.be\/fr\/comment-notre-entreprise-se-situe-dans-le-monde\/","og_locale":"fr_FR","og_type":"article","og_title":"Comment notre entreprise se situe dans le monde - Napoleon Corporate","og_description":"Napoleon Sports &amp; Casino est une entreprise responsable et \u00e9thique Le divertissement en ligne responsable est notre priorit\u00e9...","og_url":"https:\/\/corporate.napoleonsportsandcasino.be\/fr\/comment-notre-entreprise-se-situe-dans-le-monde\/","og_site_name":"Napoleon Corporate","article_modified_time":"2021-06-25T19:12:59+00:00","twitter_card":"summary_large_image","twitter_misc":{"Dur\u00e9e de lecture estim\u00e9e":"1 minute"},"schema":{"@context":"https:\/\/schema.org","@graph":[{"@type":"WebPage","@id":"https:\/\/corporate.napoleonsportsandcasino.be\/fr\/comment-notre-entreprise-se-situe-dans-le-monde\/","url":"https:\/\/corporate.napoleonsportsandcasino.be\/fr\/comment-notre-entreprise-se-situe-dans-le-monde\/","name":"Comment notre entreprise se situe dans le monde - Napoleon Corporate","isPartOf":{"@id":"https:\/\/corporate.napoleonsportsandcasino.be\/fr\/#website"},"datePublished":"2021-06-25T19:01:27+00:00","dateModified":"2021-06-25T19:12:59+00:00","breadcrumb":{"@id":"https:\/\/corporate.napoleonsportsandcasino.be\/fr\/comment-notre-entreprise-se-situe-dans-le-monde\/#breadcrumb"},"inLanguage":"fr-FR","potentialAction":[{"@type":"ReadAction","target":["https:\/\/corporate.napoleonsportsandcasino.be\/fr\/comment-notre-entreprise-se-situe-dans-le-monde\/"]}]},{"@type":"BreadcrumbList","@id":"https:\/\/corporate.napoleonsportsandcasino.be\/fr\/comment-notre-entreprise-se-situe-dans-le-monde\/#breadcrumb","itemListElement":[{"@type":"ListItem","position":1,"name":"Home","item":"https:\/\/corporate.napoleonsportsandcasino.be\/fr\/"},{"@type":"ListItem","position":2,"name":"Comment notre entreprise se situe dans le monde"}]},{"@type":"WebSite","@id":"https:\/\/corporate.napoleonsportsandcasino.be\/fr\/#website","url":"https:\/\/corporate.napoleonsportsandcasino.be\/fr\/","name":"Napoleon Corporate","description":"","publisher":{"@id":"https:\/\/corporate.napoleonsportsandcasino.be\/fr\/#organization"},"potentialAction":[{"@type":"SearchAction","target":{"@type":"EntryPoint","urlTemplate":"https:\/\/corporate.napoleonsportsandcasino.be\/fr\/?s={search_term_string}"},"query-input":{"@type":"PropertyValueSpecification","valueRequired":true,"valueName":"search_term_string"}}],"inLanguage":"fr-FR"},{"@type":"Organization","@id":"https:\/\/corporate.napoleonsportsandcasino.be\/fr\/#organization","name":"Napoleon Sports & Casino - Corporate","url":"https:\/\/corporate.napoleonsportsandcasino.be\/fr\/","logo":{"@type":"ImageObject","inLanguage":"fr-FR","@id":"https:\/\/corporate.napoleonsportsandcasino.be\/fr\/#\/schema\/logo\/image\/","url":"https:\/\/corporate.napoleonsportsandcasino.be\/wp-content\/uploads\/2021\/04\/homepage.jpg","contentUrl":"https:\/\/corporate.napoleonsportsandcasino.be\/wp-content\/uploads\/2021\/04\/homepage.jpg","width":1146,"height":706,"caption":"Napoleon Sports & Casino - Corporate"},"image":{"@id":"https:\/\/corporate.napoleonsportsandcasino.be\/fr\/#\/schema\/logo\/image\/"}}]}},"_links":{"self":[{"href":"https:\/\/corporate.napoleonsportsandcasino.be\/fr\/wp-json\/wp\/v2\/pages\/1786","targetHints":{"allow":["GET"]}}],"collection":[{"href":"https:\/\/corporate.napoleonsportsandcasino.be\/fr\/wp-json\/wp\/v2\/pages"}],"about":[{"href":"https:\/\/corporate.napoleonsportsandcasino.be\/fr\/wp-json\/wp\/v2\/types\/page"}],"author":[{"embeddable":true,"href":"https:\/\/corporate.napoleonsportsandcasino.be\/fr\/wp-json\/wp\/v2\/users\/15"}],"replies":[{"embeddable":true,"href":"https:\/\/corporate.napoleonsportsandcasino.be\/fr\/wp-json\/wp\/v2\/comments?post=1786"}],"version-history":[{"count":0,"href":"https:\/\/corporate.napoleonsportsandcasino.be\/fr\/wp-json\/wp\/v2\/pages\/1786\/revisions"}],"wp:attachment":[{"href":"https:\/\/corporate.napoleonsportsandcasino.be\/fr\/wp-json\/wp\/v2\/media?parent=1786"}],"curies":[{"name":"wp","href":"https:\/\/api.w.org\/{rel}","templated":true}]}}