{"id":1812,"date":"2021-06-25T21:25:07","date_gmt":"2021-06-25T19:25:07","guid":{"rendered":"https:\/\/corporate.napoleonsportsandcasino.be\/?page_id=1812"},"modified":"2021-06-25T21:34:17","modified_gmt":"2021-06-25T19:34:17","slug":"que-signifie-travailler-pour-napleon","status":"publish","type":"page","link":"https:\/\/corporate.napoleonsportsandcasino.be\/fr\/que-signifie-travailler-pour-napleon\/","title":{"rendered":"Que signifie travailler pour Napleon ?"},"content":{"rendered":"<p>Travailler chez Napoleon Sports &amp; Casino\u00a0? C\u2019est travailler dans une entreprise et un secteur qui \u00e9voluent \u00e0 la vitesse de l&rsquo;\u00e9clair.<\/p>\n<p><strong>Vous avez une foule de possibilit\u00e9s d&rsquo;\u00e9voluer avec nous. <\/strong>\u00a0Nous investissons massivement dans l&rsquo;innovation, nous r\u00e9compensons l\u2019initiative et les nouvelles id\u00e9es. Vous avez tout le loisir d\u2019exp\u00e9rimenter, d\u2019acqu\u00e9rir de nouvelles comp\u00e9tences, de transformer les d\u00e9fis en opportunit\u00e9s.<\/p>\n<p><em><u>Transformer le divertissement num\u00e9rique<br \/>\n<\/u><\/em>Proposer le meilleur et le plus excitant des divertissements num\u00e9riques, de mani\u00e8re s\u00fbre et responsable. Telle est notre mission chez Napoleon Sports &amp; Casino. Nous sommes le leader du march\u00e9 en Belgique, nous jouons un r\u00f4le de pionnier dans notre secteur. Mais nous ne nous reposons pas sur nos lauriers, nous enclenchons m\u00eame quelques vitesses suppl\u00e9mentaires. Vous nous aidez \u00e0 r\u00e9aliser nos ambitions. Vous \u00eates aux premi\u00e8res loges pour participer \u00e0 la transformation du divertissement num\u00e9rique.<\/p>\n<div style=\"width: 960px;\" class=\"wp-video\"><!--[if lt IE 9]><script>document.createElement('video');<\/script><![endif]-->\n<video class=\"wp-video-shortcode\" id=\"video-1812-1\" width=\"960\" height=\"540\" preload=\"auto\" controls=\"controls\"><source type=\"video\/mp4\" src=\"https:\/\/corporate.napoleonsportsandcasino.be\/wp-content\/uploads\/2021\/06\/MAY_NAPOLEON_SHORT_B_R2_ONLINE_h264_1080p.mp4?_=1\" \/><a href=\"https:\/\/corporate.napoleonsportsandcasino.be\/wp-content\/uploads\/2021\/06\/MAY_NAPOLEON_SHORT_B_R2_ONLINE_h264_1080p.mp4\">https:\/\/corporate.napoleonsportsandcasino.be\/wp-content\/uploads\/2021\/06\/MAY_NAPOLEON_SHORT_B_R2_ONLINE_h264_1080p.mp4<\/a><\/video><\/div>\n<p>&nbsp;<\/p>\n<p><em><u>De l\u2019\u00e9lectricit\u00e9 dans l&rsquo;air<br \/>\n<\/u><\/em>Travailler chez Napoleon Sports &amp; Casino, c\u2019est du rollercoaster. Chaque jour est diff\u00e9rent, chaque jour, vous rencontrez de nouveaux d\u00e9fis et de nouvelles opportunit\u00e9s. Chez Napoleon Sports &amp; Casino, il y a de l\u2019\u00e9lectricit\u00e9 dans l&rsquo;air. Vous faites partie d&rsquo;une \u00e9quipe jeune et enthousiaste qui se surpasse sans cesse pour offrir de nouvelles <em>sensations<\/em> \u00e0 nos clients.<\/p>\n<p><em><u>Bien loin de votre zone de confort<br \/>\n<\/u><\/em>Dans une entreprise qui \u00e9volue et se d\u00e9veloppe aussi rapidement que Napoleon Sports &amp; Casino, les opportunit\u00e9s d\u2019\u00e9voluer avec nous sont l\u00e9gion. Il vous suffit de les saisir. Vous devrez sortir de votre zone de confort et faire des efforts suppl\u00e9mentaires, car la nouvelle r\u00e9glementation et les nouvelles technologies cr\u00e9ent constamment de nouveaux d\u00e9fis. Des d\u00e9fis que vous transformerez \u00e0 chaque fois en opportunit\u00e9s.<\/p>\n","protected":false},"excerpt":{"rendered":"<p>Travailler chez Napoleon Sports &amp; Casino\u00a0? C\u2019est travailler dans une entreprise et un secteur qui \u00e9voluent \u00e0 la&#8230;<\/p>\n","protected":false},"author":15,"featured_media":0,"parent":0,"menu_order":0,"comment_status":"closed","ping_status":"closed","template":"","meta":{"_acf_changed":false,"footnotes":""},"class_list":["post-1812","page","type-page","status-publish","hentry"],"acf":[],"yoast_head":"<!-- This site is optimized with the Yoast SEO plugin v27.2 - https:\/\/yoast.com\/product\/yoast-seo-wordpress\/ -->\n<title>Que signifie travailler pour Napleon ? - Napoleon Corporate<\/title>\n<meta name=\"robots\" content=\"index, follow, max-snippet:-1, max-image-preview:large, max-video-preview:-1\" \/>\n<link rel=\"canonical\" href=\"https:\/\/corporate.napoleonsportsandcasino.be\/fr\/que-signifie-travailler-pour-napleon\/\" \/>\n<meta property=\"og:locale\" content=\"fr_FR\" \/>\n<meta property=\"og:type\" content=\"article\" \/>\n<meta property=\"og:title\" content=\"Que signifie travailler pour Napleon ? - Napoleon Corporate\" \/>\n<meta property=\"og:description\" content=\"Travailler chez Napoleon Sports &amp; Casino\u00a0? C\u2019est travailler dans une entreprise et un secteur qui \u00e9voluent \u00e0 la...\" \/>\n<meta property=\"og:url\" content=\"https:\/\/corporate.napoleonsportsandcasino.be\/fr\/que-signifie-travailler-pour-napleon\/\" \/>\n<meta property=\"og:site_name\" content=\"Napoleon Corporate\" \/>\n<meta property=\"article:modified_time\" content=\"2021-06-25T19:34:17+00:00\" \/>\n<meta name=\"twitter:card\" content=\"summary_large_image\" \/>\n<meta name=\"twitter:label1\" content=\"Dur\u00e9e de lecture estim\u00e9e\" \/>\n\t<meta name=\"twitter:data1\" content=\"2 minutes\" \/>\n<script type=\"application\/ld+json\" class=\"yoast-schema-graph\">{\"@context\":\"https:\/\/schema.org\",\"@graph\":[{\"@type\":\"WebPage\",\"@id\":\"https:\/\/corporate.napoleonsportsandcasino.be\/fr\/que-signifie-travailler-pour-napleon\/\",\"url\":\"https:\/\/corporate.napoleonsportsandcasino.be\/fr\/que-signifie-travailler-pour-napleon\/\",\"name\":\"Que signifie travailler pour Napleon ? - Napoleon Corporate\",\"isPartOf\":{\"@id\":\"https:\/\/corporate.napoleonsportsandcasino.be\/fr\/#website\"},\"datePublished\":\"2021-06-25T19:25:07+00:00\",\"dateModified\":\"2021-06-25T19:34:17+00:00\",\"breadcrumb\":{\"@id\":\"https:\/\/corporate.napoleonsportsandcasino.be\/fr\/que-signifie-travailler-pour-napleon\/#breadcrumb\"},\"inLanguage\":\"fr-FR\",\"potentialAction\":[{\"@type\":\"ReadAction\",\"target\":[\"https:\/\/corporate.napoleonsportsandcasino.be\/fr\/que-signifie-travailler-pour-napleon\/\"]}]},{\"@type\":\"BreadcrumbList\",\"@id\":\"https:\/\/corporate.napoleonsportsandcasino.be\/fr\/que-signifie-travailler-pour-napleon\/#breadcrumb\",\"itemListElement\":[{\"@type\":\"ListItem\",\"position\":1,\"name\":\"Home\",\"item\":\"https:\/\/corporate.napoleonsportsandcasino.be\/fr\/\"},{\"@type\":\"ListItem\",\"position\":2,\"name\":\"Que signifie travailler pour Napleon ?\"}]},{\"@type\":\"WebSite\",\"@id\":\"https:\/\/corporate.napoleonsportsandcasino.be\/fr\/#website\",\"url\":\"https:\/\/corporate.napoleonsportsandcasino.be\/fr\/\",\"name\":\"Napoleon Corporate\",\"description\":\"\",\"publisher\":{\"@id\":\"https:\/\/corporate.napoleonsportsandcasino.be\/fr\/#organization\"},\"potentialAction\":[{\"@type\":\"SearchAction\",\"target\":{\"@type\":\"EntryPoint\",\"urlTemplate\":\"https:\/\/corporate.napoleonsportsandcasino.be\/fr\/?s={search_term_string}\"},\"query-input\":{\"@type\":\"PropertyValueSpecification\",\"valueRequired\":true,\"valueName\":\"search_term_string\"}}],\"inLanguage\":\"fr-FR\"},{\"@type\":\"Organization\",\"@id\":\"https:\/\/corporate.napoleonsportsandcasino.be\/fr\/#organization\",\"name\":\"Napoleon Sports & Casino - Corporate\",\"url\":\"https:\/\/corporate.napoleonsportsandcasino.be\/fr\/\",\"logo\":{\"@type\":\"ImageObject\",\"inLanguage\":\"fr-FR\",\"@id\":\"https:\/\/corporate.napoleonsportsandcasino.be\/fr\/#\/schema\/logo\/image\/\",\"url\":\"https:\/\/corporate.napoleonsportsandcasino.be\/wp-content\/uploads\/2021\/04\/homepage.jpg\",\"contentUrl\":\"https:\/\/corporate.napoleonsportsandcasino.be\/wp-content\/uploads\/2021\/04\/homepage.jpg\",\"width\":1146,\"height\":706,\"caption\":\"Napoleon Sports & Casino - Corporate\"},\"image\":{\"@id\":\"https:\/\/corporate.napoleonsportsandcasino.be\/fr\/#\/schema\/logo\/image\/\"}}]}<\/script>\n<!-- \/ Yoast SEO plugin. -->","yoast_head_json":{"title":"Que signifie travailler pour Napleon ? - Napoleon Corporate","robots":{"index":"index","follow":"follow","max-snippet":"max-snippet:-1","max-image-preview":"max-image-preview:large","max-video-preview":"max-video-preview:-1"},"canonical":"https:\/\/corporate.napoleonsportsandcasino.be\/fr\/que-signifie-travailler-pour-napleon\/","og_locale":"fr_FR","og_type":"article","og_title":"Que signifie travailler pour Napleon ? - Napoleon Corporate","og_description":"Travailler chez Napoleon Sports &amp; Casino\u00a0? C\u2019est travailler dans une entreprise et un secteur qui \u00e9voluent \u00e0 la...","og_url":"https:\/\/corporate.napoleonsportsandcasino.be\/fr\/que-signifie-travailler-pour-napleon\/","og_site_name":"Napoleon Corporate","article_modified_time":"2021-06-25T19:34:17+00:00","twitter_card":"summary_large_image","twitter_misc":{"Dur\u00e9e de lecture estim\u00e9e":"2 minutes"},"schema":{"@context":"https:\/\/schema.org","@graph":[{"@type":"WebPage","@id":"https:\/\/corporate.napoleonsportsandcasino.be\/fr\/que-signifie-travailler-pour-napleon\/","url":"https:\/\/corporate.napoleonsportsandcasino.be\/fr\/que-signifie-travailler-pour-napleon\/","name":"Que signifie travailler pour Napleon ? - Napoleon Corporate","isPartOf":{"@id":"https:\/\/corporate.napoleonsportsandcasino.be\/fr\/#website"},"datePublished":"2021-06-25T19:25:07+00:00","dateModified":"2021-06-25T19:34:17+00:00","breadcrumb":{"@id":"https:\/\/corporate.napoleonsportsandcasino.be\/fr\/que-signifie-travailler-pour-napleon\/#breadcrumb"},"inLanguage":"fr-FR","potentialAction":[{"@type":"ReadAction","target":["https:\/\/corporate.napoleonsportsandcasino.be\/fr\/que-signifie-travailler-pour-napleon\/"]}]},{"@type":"BreadcrumbList","@id":"https:\/\/corporate.napoleonsportsandcasino.be\/fr\/que-signifie-travailler-pour-napleon\/#breadcrumb","itemListElement":[{"@type":"ListItem","position":1,"name":"Home","item":"https:\/\/corporate.napoleonsportsandcasino.be\/fr\/"},{"@type":"ListItem","position":2,"name":"Que signifie travailler pour Napleon ?"}]},{"@type":"WebSite","@id":"https:\/\/corporate.napoleonsportsandcasino.be\/fr\/#website","url":"https:\/\/corporate.napoleonsportsandcasino.be\/fr\/","name":"Napoleon Corporate","description":"","publisher":{"@id":"https:\/\/corporate.napoleonsportsandcasino.be\/fr\/#organization"},"potentialAction":[{"@type":"SearchAction","target":{"@type":"EntryPoint","urlTemplate":"https:\/\/corporate.napoleonsportsandcasino.be\/fr\/?s={search_term_string}"},"query-input":{"@type":"PropertyValueSpecification","valueRequired":true,"valueName":"search_term_string"}}],"inLanguage":"fr-FR"},{"@type":"Organization","@id":"https:\/\/corporate.napoleonsportsandcasino.be\/fr\/#organization","name":"Napoleon Sports & Casino - Corporate","url":"https:\/\/corporate.napoleonsportsandcasino.be\/fr\/","logo":{"@type":"ImageObject","inLanguage":"fr-FR","@id":"https:\/\/corporate.napoleonsportsandcasino.be\/fr\/#\/schema\/logo\/image\/","url":"https:\/\/corporate.napoleonsportsandcasino.be\/wp-content\/uploads\/2021\/04\/homepage.jpg","contentUrl":"https:\/\/corporate.napoleonsportsandcasino.be\/wp-content\/uploads\/2021\/04\/homepage.jpg","width":1146,"height":706,"caption":"Napoleon Sports & Casino - Corporate"},"image":{"@id":"https:\/\/corporate.napoleonsportsandcasino.be\/fr\/#\/schema\/logo\/image\/"}}]}},"_links":{"self":[{"href":"https:\/\/corporate.napoleonsportsandcasino.be\/fr\/wp-json\/wp\/v2\/pages\/1812","targetHints":{"allow":["GET"]}}],"collection":[{"href":"https:\/\/corporate.napoleonsportsandcasino.be\/fr\/wp-json\/wp\/v2\/pages"}],"about":[{"href":"https:\/\/corporate.napoleonsportsandcasino.be\/fr\/wp-json\/wp\/v2\/types\/page"}],"author":[{"embeddable":true,"href":"https:\/\/corporate.napoleonsportsandcasino.be\/fr\/wp-json\/wp\/v2\/users\/15"}],"replies":[{"embeddable":true,"href":"https:\/\/corporate.napoleonsportsandcasino.be\/fr\/wp-json\/wp\/v2\/comments?post=1812"}],"version-history":[{"count":0,"href":"https:\/\/corporate.napoleonsportsandcasino.be\/fr\/wp-json\/wp\/v2\/pages\/1812\/revisions"}],"wp:attachment":[{"href":"https:\/\/corporate.napoleonsportsandcasino.be\/fr\/wp-json\/wp\/v2\/media?parent=1812"}],"curies":[{"name":"wp","href":"https:\/\/api.w.org\/{rel}","templated":true}]}}