{"id":346,"date":"2020-09-11T08:38:28","date_gmt":"2020-09-11T06:38:28","guid":{"rendered":"https:\/\/wordpress-391468-1476829.cloudwaysapps.com\/a-complaint-business\/"},"modified":"2021-06-25T22:08:46","modified_gmt":"2021-06-25T20:08:46","slug":"legalite-et-conformite","status":"publish","type":"page","link":"https:\/\/corporate.napoleonsportsandcasino.be\/fr\/durabilite\/legalite-et-conformite\/","title":{"rendered":"R\u00e9glementation sur les jeux de hasard et les paris"},"content":{"rendered":"<p>L\u2019industrie des jeux de hasard est tr\u00e8s r\u00e9glement\u00e9e. Les jeux de hasard ou les paris en ligne peuvent \u00eatre passionnants et attrayants, mais il est imp\u00e9ratif que ces activit\u00e9s se d\u00e9roulent dans un cadre juridique clairement d\u00e9fini, pour lequel aucune d\u00e9rogation n&rsquo;est autoris\u00e9e.<\/p>\n<p>Napoleon Sports &amp; Casino applique ces r\u00e8gles strictes avec une conviction totale et s&rsquo;engage \u00e0 tout moment\u00a0:<\/p>\n<ul>\n<li><strong>\u00e0 garantir la protection des mineurs<\/strong>. C\u2019est un principe fondamental de notre approche.\n<ul>\n<li>Tous nos sites mentionnent clairement que l&rsquo;acc\u00e8s est interdit aux personnes de moins de 18\u00a0ans. Napoleon Sports &amp; Casino n&rsquo;accepte que les joueurs de plus de 18\u00a0ans pour les paris sportifs et de plus de 21\u00a0ans pour les paris virtuels.<\/li>\n<li>Nous ne menons pas de campagnes promotionnelles ciblant sp\u00e9cifiquement les mineurs.<\/li>\n<li>Afin de r\u00e9duire le risque pour les mineurs, Napoleon Sports &amp; Casino v\u00e9rifie l&rsquo;identit\u00e9 de ses clients lorsque l&rsquo;activit\u00e9 d&rsquo;enfants est suspect\u00e9e. Bien que nous consacrions beaucoup de temps et d&rsquo;efforts \u00e0 emp\u00eacher les enfants de jouer sur nos plateformes, nous souhaitons \u00e9galement avertir les parents\/tuteurs que les enfants ne sont pas autoris\u00e9s sur nos sites. Pas m\u00eame avec le consentement parental.<\/li>\n<\/ul>\n<\/li>\n<li><strong>\u00e0 contr\u00f4ler et limiter l&rsquo;acc\u00e8s \u00e0 nos plateformes<\/strong> aux personnes qui ont connaissance des r\u00e8gles en vigueur et aux personnes qui ne sont pas interdites de jeux ou de paris. <strong>Nous avons mis en \u0153uvre des outils qui permettent le contr\u00f4le et l&rsquo;identification.<\/strong><\/li>\n<li><strong>\u00e0 v\u00e9rifier l&rsquo;identit\u00e9 des nouveaux clients lors de leur inscription.<\/strong> Nous utilisons pour cela des logiciels ou des plateformes officiels et reconnus, comme la plateforme <a href=\"https:\/\/www.itsme.be\/\">itsme<sup>\u00ae<\/sup><\/a>, qui rendent impossible la falsification ou l&rsquo;usurpation d\u2019identit\u00e9. Nous respectons bien s\u00fbr toutes les r\u00e8gles en mati\u00e8re de protection de la vie priv\u00e9e et traitons les donn\u00e9es \u00e0 caract\u00e8re personnel confidentielles avec le plus grand soin.<\/li>\n<\/ul>\n","protected":false},"excerpt":{"rendered":"<p>L\u2019industrie des jeux de hasard est tr\u00e8s r\u00e9glement\u00e9e. Les jeux de hasard ou les paris en ligne peuvent&#8230;<\/p>\n","protected":false},"author":1,"featured_media":0,"parent":354,"menu_order":0,"comment_status":"closed","ping_status":"closed","template":"","meta":{"_acf_changed":false,"footnotes":""},"class_list":["post-346","page","type-page","status-publish","hentry"],"acf":[],"yoast_head":"<!-- This site is optimized with the Yoast SEO plugin v27.2 - https:\/\/yoast.com\/product\/yoast-seo-wordpress\/ -->\n<title>R\u00e9glementation sur les jeux de hasard et les paris - Napoleon Corporate<\/title>\n<meta name=\"robots\" content=\"index, follow, max-snippet:-1, max-image-preview:large, max-video-preview:-1\" \/>\n<link rel=\"canonical\" href=\"https:\/\/corporate.napoleonsportsandcasino.be\/fr\/durabilite\/legalite-et-conformite\/\" \/>\n<meta property=\"og:locale\" content=\"fr_FR\" \/>\n<meta property=\"og:type\" content=\"article\" \/>\n<meta property=\"og:title\" content=\"R\u00e9glementation sur les jeux de hasard et les paris - Napoleon Corporate\" \/>\n<meta property=\"og:description\" content=\"L\u2019industrie des jeux de hasard est tr\u00e8s r\u00e9glement\u00e9e. Les jeux de hasard ou les paris en ligne peuvent...\" \/>\n<meta property=\"og:url\" content=\"https:\/\/corporate.napoleonsportsandcasino.be\/fr\/durabilite\/legalite-et-conformite\/\" \/>\n<meta property=\"og:site_name\" content=\"Napoleon Corporate\" \/>\n<meta property=\"article:modified_time\" content=\"2021-06-25T20:08:46+00:00\" \/>\n<meta name=\"twitter:card\" content=\"summary_large_image\" \/>\n<meta name=\"twitter:label1\" content=\"Dur\u00e9e de lecture estim\u00e9e\" \/>\n\t<meta name=\"twitter:data1\" content=\"2 minutes\" \/>\n<script type=\"application\/ld+json\" class=\"yoast-schema-graph\">{\"@context\":\"https:\/\/schema.org\",\"@graph\":[{\"@type\":\"WebPage\",\"@id\":\"https:\/\/corporate.napoleonsportsandcasino.be\/fr\/durabilite\/legalite-et-conformite\/\",\"url\":\"https:\/\/corporate.napoleonsportsandcasino.be\/fr\/durabilite\/legalite-et-conformite\/\",\"name\":\"R\u00e9glementation sur les jeux de hasard et les paris - Napoleon Corporate\",\"isPartOf\":{\"@id\":\"https:\/\/corporate.napoleonsportsandcasino.be\/fr\/#website\"},\"datePublished\":\"2020-09-11T06:38:28+00:00\",\"dateModified\":\"2021-06-25T20:08:46+00:00\",\"breadcrumb\":{\"@id\":\"https:\/\/corporate.napoleonsportsandcasino.be\/fr\/durabilite\/legalite-et-conformite\/#breadcrumb\"},\"inLanguage\":\"fr-FR\",\"potentialAction\":[{\"@type\":\"ReadAction\",\"target\":[\"https:\/\/corporate.napoleonsportsandcasino.be\/fr\/durabilite\/legalite-et-conformite\/\"]}]},{\"@type\":\"BreadcrumbList\",\"@id\":\"https:\/\/corporate.napoleonsportsandcasino.be\/fr\/durabilite\/legalite-et-conformite\/#breadcrumb\",\"itemListElement\":[{\"@type\":\"ListItem\",\"position\":1,\"name\":\"Home\",\"item\":\"https:\/\/corporate.napoleonsportsandcasino.be\/fr\/\"},{\"@type\":\"ListItem\",\"position\":2,\"name\":\"D\u00e9veloppement durable\",\"item\":\"https:\/\/corporate.napoleonsportsandcasino.be\/fr\/durabilite\/\"},{\"@type\":\"ListItem\",\"position\":3,\"name\":\"R\u00e9glementation sur les jeux de hasard et les paris\"}]},{\"@type\":\"WebSite\",\"@id\":\"https:\/\/corporate.napoleonsportsandcasino.be\/fr\/#website\",\"url\":\"https:\/\/corporate.napoleonsportsandcasino.be\/fr\/\",\"name\":\"Napoleon Corporate\",\"description\":\"\",\"publisher\":{\"@id\":\"https:\/\/corporate.napoleonsportsandcasino.be\/fr\/#organization\"},\"potentialAction\":[{\"@type\":\"SearchAction\",\"target\":{\"@type\":\"EntryPoint\",\"urlTemplate\":\"https:\/\/corporate.napoleonsportsandcasino.be\/fr\/?s={search_term_string}\"},\"query-input\":{\"@type\":\"PropertyValueSpecification\",\"valueRequired\":true,\"valueName\":\"search_term_string\"}}],\"inLanguage\":\"fr-FR\"},{\"@type\":\"Organization\",\"@id\":\"https:\/\/corporate.napoleonsportsandcasino.be\/fr\/#organization\",\"name\":\"Napoleon Sports & Casino - Corporate\",\"url\":\"https:\/\/corporate.napoleonsportsandcasino.be\/fr\/\",\"logo\":{\"@type\":\"ImageObject\",\"inLanguage\":\"fr-FR\",\"@id\":\"https:\/\/corporate.napoleonsportsandcasino.be\/fr\/#\/schema\/logo\/image\/\",\"url\":\"https:\/\/corporate.napoleonsportsandcasino.be\/wp-content\/uploads\/2021\/04\/homepage.jpg\",\"contentUrl\":\"https:\/\/corporate.napoleonsportsandcasino.be\/wp-content\/uploads\/2021\/04\/homepage.jpg\",\"width\":1146,\"height\":706,\"caption\":\"Napoleon Sports & Casino - Corporate\"},\"image\":{\"@id\":\"https:\/\/corporate.napoleonsportsandcasino.be\/fr\/#\/schema\/logo\/image\/\"}}]}<\/script>\n<!-- \/ Yoast SEO plugin. -->","yoast_head_json":{"title":"R\u00e9glementation sur les jeux de hasard et les paris - Napoleon Corporate","robots":{"index":"index","follow":"follow","max-snippet":"max-snippet:-1","max-image-preview":"max-image-preview:large","max-video-preview":"max-video-preview:-1"},"canonical":"https:\/\/corporate.napoleonsportsandcasino.be\/fr\/durabilite\/legalite-et-conformite\/","og_locale":"fr_FR","og_type":"article","og_title":"R\u00e9glementation sur les jeux de hasard et les paris - Napoleon Corporate","og_description":"L\u2019industrie des jeux de hasard est tr\u00e8s r\u00e9glement\u00e9e. Les jeux de hasard ou les paris en ligne peuvent...","og_url":"https:\/\/corporate.napoleonsportsandcasino.be\/fr\/durabilite\/legalite-et-conformite\/","og_site_name":"Napoleon Corporate","article_modified_time":"2021-06-25T20:08:46+00:00","twitter_card":"summary_large_image","twitter_misc":{"Dur\u00e9e de lecture estim\u00e9e":"2 minutes"},"schema":{"@context":"https:\/\/schema.org","@graph":[{"@type":"WebPage","@id":"https:\/\/corporate.napoleonsportsandcasino.be\/fr\/durabilite\/legalite-et-conformite\/","url":"https:\/\/corporate.napoleonsportsandcasino.be\/fr\/durabilite\/legalite-et-conformite\/","name":"R\u00e9glementation sur les jeux de hasard et les paris - Napoleon Corporate","isPartOf":{"@id":"https:\/\/corporate.napoleonsportsandcasino.be\/fr\/#website"},"datePublished":"2020-09-11T06:38:28+00:00","dateModified":"2021-06-25T20:08:46+00:00","breadcrumb":{"@id":"https:\/\/corporate.napoleonsportsandcasino.be\/fr\/durabilite\/legalite-et-conformite\/#breadcrumb"},"inLanguage":"fr-FR","potentialAction":[{"@type":"ReadAction","target":["https:\/\/corporate.napoleonsportsandcasino.be\/fr\/durabilite\/legalite-et-conformite\/"]}]},{"@type":"BreadcrumbList","@id":"https:\/\/corporate.napoleonsportsandcasino.be\/fr\/durabilite\/legalite-et-conformite\/#breadcrumb","itemListElement":[{"@type":"ListItem","position":1,"name":"Home","item":"https:\/\/corporate.napoleonsportsandcasino.be\/fr\/"},{"@type":"ListItem","position":2,"name":"D\u00e9veloppement durable","item":"https:\/\/corporate.napoleonsportsandcasino.be\/fr\/durabilite\/"},{"@type":"ListItem","position":3,"name":"R\u00e9glementation sur les jeux de hasard et les paris"}]},{"@type":"WebSite","@id":"https:\/\/corporate.napoleonsportsandcasino.be\/fr\/#website","url":"https:\/\/corporate.napoleonsportsandcasino.be\/fr\/","name":"Napoleon Corporate","description":"","publisher":{"@id":"https:\/\/corporate.napoleonsportsandcasino.be\/fr\/#organization"},"potentialAction":[{"@type":"SearchAction","target":{"@type":"EntryPoint","urlTemplate":"https:\/\/corporate.napoleonsportsandcasino.be\/fr\/?s={search_term_string}"},"query-input":{"@type":"PropertyValueSpecification","valueRequired":true,"valueName":"search_term_string"}}],"inLanguage":"fr-FR"},{"@type":"Organization","@id":"https:\/\/corporate.napoleonsportsandcasino.be\/fr\/#organization","name":"Napoleon Sports & Casino - Corporate","url":"https:\/\/corporate.napoleonsportsandcasino.be\/fr\/","logo":{"@type":"ImageObject","inLanguage":"fr-FR","@id":"https:\/\/corporate.napoleonsportsandcasino.be\/fr\/#\/schema\/logo\/image\/","url":"https:\/\/corporate.napoleonsportsandcasino.be\/wp-content\/uploads\/2021\/04\/homepage.jpg","contentUrl":"https:\/\/corporate.napoleonsportsandcasino.be\/wp-content\/uploads\/2021\/04\/homepage.jpg","width":1146,"height":706,"caption":"Napoleon Sports & Casino - Corporate"},"image":{"@id":"https:\/\/corporate.napoleonsportsandcasino.be\/fr\/#\/schema\/logo\/image\/"}}]}},"_links":{"self":[{"href":"https:\/\/corporate.napoleonsportsandcasino.be\/fr\/wp-json\/wp\/v2\/pages\/346","targetHints":{"allow":["GET"]}}],"collection":[{"href":"https:\/\/corporate.napoleonsportsandcasino.be\/fr\/wp-json\/wp\/v2\/pages"}],"about":[{"href":"https:\/\/corporate.napoleonsportsandcasino.be\/fr\/wp-json\/wp\/v2\/types\/page"}],"author":[{"embeddable":true,"href":"https:\/\/corporate.napoleonsportsandcasino.be\/fr\/wp-json\/wp\/v2\/users\/1"}],"replies":[{"embeddable":true,"href":"https:\/\/corporate.napoleonsportsandcasino.be\/fr\/wp-json\/wp\/v2\/comments?post=346"}],"version-history":[{"count":0,"href":"https:\/\/corporate.napoleonsportsandcasino.be\/fr\/wp-json\/wp\/v2\/pages\/346\/revisions"}],"up":[{"embeddable":true,"href":"https:\/\/corporate.napoleonsportsandcasino.be\/fr\/wp-json\/wp\/v2\/pages\/354"}],"wp:attachment":[{"href":"https:\/\/corporate.napoleonsportsandcasino.be\/fr\/wp-json\/wp\/v2\/media?parent=346"}],"curies":[{"name":"wp","href":"https:\/\/api.w.org\/{rel}","templated":true}]}}