{"id":354,"date":"2020-09-11T08:37:51","date_gmt":"2020-09-11T06:37:51","guid":{"rendered":"https:\/\/wordpress-391468-1476829.cloudwaysapps.com\/sustainability\/"},"modified":"2021-06-25T21:46:29","modified_gmt":"2021-06-25T19:46:29","slug":"durabilite","status":"publish","type":"page","link":"https:\/\/corporate.napoleonsportsandcasino.be\/fr\/durabilite\/","title":{"rendered":"D\u00e9veloppement durable"},"content":{"rendered":"<p><strong><img loading=\"lazy\" decoding=\"async\" class=\"wp-image-1268 alignleft\" src=\"https:\/\/corporate.napoleonsportsandcasino.be\/wp-content\/uploads\/2021\/05\/bago.svg\" alt=\"\" width=\"230\" height=\"85\" \/><\/strong>Nous n\u2019op\u00e9rons bien s\u00fbr pas seuls. Napoleon Sports &amp; Casino collabore de mani\u00e8re loyale et transparente avec d&rsquo;autres partenaires pour faire de la s\u00e9curit\u00e9 et de la responsabilit\u00e9 LA norme de notre secteur. Napoleon Sports &amp; Casino est un membre fondateur de la BAGO. La \u00ab\u00a0Belgian Association of Gaming Operators\u00a0\u00bb (association belge des op\u00e9rateurs de jeux de hasard) est la nouvelle association des 5 organisations les plus importantes du secteur des jeux de hasard.. Ensemble, elles repr\u00e9sentent environ 70\u00a0% du march\u00e9 priv\u00e9 physique et digital des jeux de hasard, compos\u00e9 de casinos, de salles de jeux automatiques, de jeux de hasard pour d\u00e9bits de boissons, d\u2019agences de paris et de leurs sites web associ\u00e9s.<\/p>\n<p><strong>La BAGO poursuit un quadruple objectif\u00a0:<\/strong><\/p>\n<ol>\n<li>\u00a0Jouer un r\u00f4le pionnier en mati\u00e8re de jeu s\u00fbr et responsable ;<\/li>\n<li>Garantir la viabilit\u00e9 \u00e9conomique du secteur et les emplois qui en d\u00e9pendent\u00a0;<\/li>\n<li>Assurer l\u2019attractivit\u00e9 du secteur priv\u00e9 des jeux de hasard comme rempart contre les jeux de hasard ill\u00e9gaux\u00a0;<\/li>\n<li>\u00catre un interlocuteur fiable pour les pouvoirs publics et la collectivit\u00e9.<\/li>\n<\/ol>\n<p>Les membres de la BAGO estiment qu\u2019il rel\u00e8ve de leur responsabilit\u00e9 soci\u00e9tale de fournir des informations objectives sur leur secteur et d\u2019initier un dialogue avec toutes les parties prenantes, afin que le secteur puisse mieux r\u00e9pondre aux pr\u00e9occupations de la population et des pouvoirs publics et permettre une meilleure compr\u00e9hension sur ce qu\u2019est et fait le secteur.<\/p>\n","protected":false},"excerpt":{"rendered":"<p>Nous n\u2019op\u00e9rons bien s\u00fbr pas seuls. Napoleon Sports &amp; Casino collabore de mani\u00e8re loyale et transparente avec d&rsquo;autres&#8230;<\/p>\n","protected":false},"author":1,"featured_media":0,"parent":0,"menu_order":0,"comment_status":"closed","ping_status":"closed","template":"","meta":{"_acf_changed":false,"footnotes":""},"class_list":["post-354","page","type-page","status-publish","hentry"],"acf":[],"yoast_head":"<!-- This site is optimized with the Yoast SEO plugin v27.2 - https:\/\/yoast.com\/product\/yoast-seo-wordpress\/ -->\n<title>D\u00e9veloppement durable - Napoleon Corporate<\/title>\n<meta name=\"robots\" content=\"index, follow, max-snippet:-1, max-image-preview:large, max-video-preview:-1\" \/>\n<link rel=\"canonical\" href=\"https:\/\/corporate.napoleonsportsandcasino.be\/fr\/durabilite\/\" \/>\n<meta property=\"og:locale\" content=\"fr_FR\" \/>\n<meta property=\"og:type\" content=\"article\" \/>\n<meta property=\"og:title\" content=\"D\u00e9veloppement durable - Napoleon Corporate\" \/>\n<meta property=\"og:description\" content=\"Nous n\u2019op\u00e9rons bien s\u00fbr pas seuls. Napoleon Sports &amp; Casino collabore de mani\u00e8re loyale et transparente avec d&rsquo;autres...\" \/>\n<meta property=\"og:url\" content=\"https:\/\/corporate.napoleonsportsandcasino.be\/fr\/durabilite\/\" \/>\n<meta property=\"og:site_name\" content=\"Napoleon Corporate\" \/>\n<meta property=\"article:modified_time\" content=\"2021-06-25T19:46:29+00:00\" \/>\n<meta property=\"og:image\" content=\"https:\/\/corporate.napoleonsportsandcasino.be\/wp-content\/uploads\/2021\/05\/bago.svg\" \/>\n<meta name=\"twitter:card\" content=\"summary_large_image\" \/>\n<meta name=\"twitter:label1\" content=\"Dur\u00e9e de lecture estim\u00e9e\" \/>\n\t<meta name=\"twitter:data1\" content=\"2 minutes\" \/>\n<script type=\"application\/ld+json\" class=\"yoast-schema-graph\">{\"@context\":\"https:\/\/schema.org\",\"@graph\":[{\"@type\":\"WebPage\",\"@id\":\"https:\/\/corporate.napoleonsportsandcasino.be\/fr\/durabilite\/\",\"url\":\"https:\/\/corporate.napoleonsportsandcasino.be\/fr\/durabilite\/\",\"name\":\"D\u00e9veloppement durable - Napoleon Corporate\",\"isPartOf\":{\"@id\":\"https:\/\/corporate.napoleonsportsandcasino.be\/fr\/#website\"},\"primaryImageOfPage\":{\"@id\":\"https:\/\/corporate.napoleonsportsandcasino.be\/fr\/durabilite\/#primaryimage\"},\"image\":{\"@id\":\"https:\/\/corporate.napoleonsportsandcasino.be\/fr\/durabilite\/#primaryimage\"},\"thumbnailUrl\":\"https:\/\/corporate.napoleonsportsandcasino.be\/wp-content\/uploads\/2021\/05\/bago.svg\",\"datePublished\":\"2020-09-11T06:37:51+00:00\",\"dateModified\":\"2021-06-25T19:46:29+00:00\",\"breadcrumb\":{\"@id\":\"https:\/\/corporate.napoleonsportsandcasino.be\/fr\/durabilite\/#breadcrumb\"},\"inLanguage\":\"fr-FR\",\"potentialAction\":[{\"@type\":\"ReadAction\",\"target\":[\"https:\/\/corporate.napoleonsportsandcasino.be\/fr\/durabilite\/\"]}]},{\"@type\":\"ImageObject\",\"inLanguage\":\"fr-FR\",\"@id\":\"https:\/\/corporate.napoleonsportsandcasino.be\/fr\/durabilite\/#primaryimage\",\"url\":\"https:\/\/corporate.napoleonsportsandcasino.be\/wp-content\/uploads\/2021\/05\/bago.svg\",\"contentUrl\":\"https:\/\/corporate.napoleonsportsandcasino.be\/wp-content\/uploads\/2021\/05\/bago.svg\"},{\"@type\":\"BreadcrumbList\",\"@id\":\"https:\/\/corporate.napoleonsportsandcasino.be\/fr\/durabilite\/#breadcrumb\",\"itemListElement\":[{\"@type\":\"ListItem\",\"position\":1,\"name\":\"Home\",\"item\":\"https:\/\/corporate.napoleonsportsandcasino.be\/fr\/\"},{\"@type\":\"ListItem\",\"position\":2,\"name\":\"D\u00e9veloppement durable\"}]},{\"@type\":\"WebSite\",\"@id\":\"https:\/\/corporate.napoleonsportsandcasino.be\/fr\/#website\",\"url\":\"https:\/\/corporate.napoleonsportsandcasino.be\/fr\/\",\"name\":\"Napoleon Corporate\",\"description\":\"\",\"publisher\":{\"@id\":\"https:\/\/corporate.napoleonsportsandcasino.be\/fr\/#organization\"},\"potentialAction\":[{\"@type\":\"SearchAction\",\"target\":{\"@type\":\"EntryPoint\",\"urlTemplate\":\"https:\/\/corporate.napoleonsportsandcasino.be\/fr\/?s={search_term_string}\"},\"query-input\":{\"@type\":\"PropertyValueSpecification\",\"valueRequired\":true,\"valueName\":\"search_term_string\"}}],\"inLanguage\":\"fr-FR\"},{\"@type\":\"Organization\",\"@id\":\"https:\/\/corporate.napoleonsportsandcasino.be\/fr\/#organization\",\"name\":\"Napoleon Sports & Casino - Corporate\",\"url\":\"https:\/\/corporate.napoleonsportsandcasino.be\/fr\/\",\"logo\":{\"@type\":\"ImageObject\",\"inLanguage\":\"fr-FR\",\"@id\":\"https:\/\/corporate.napoleonsportsandcasino.be\/fr\/#\/schema\/logo\/image\/\",\"url\":\"https:\/\/corporate.napoleonsportsandcasino.be\/wp-content\/uploads\/2021\/04\/homepage.jpg\",\"contentUrl\":\"https:\/\/corporate.napoleonsportsandcasino.be\/wp-content\/uploads\/2021\/04\/homepage.jpg\",\"width\":1146,\"height\":706,\"caption\":\"Napoleon Sports & Casino - Corporate\"},\"image\":{\"@id\":\"https:\/\/corporate.napoleonsportsandcasino.be\/fr\/#\/schema\/logo\/image\/\"}}]}<\/script>\n<!-- \/ Yoast SEO plugin. -->","yoast_head_json":{"title":"D\u00e9veloppement durable - Napoleon Corporate","robots":{"index":"index","follow":"follow","max-snippet":"max-snippet:-1","max-image-preview":"max-image-preview:large","max-video-preview":"max-video-preview:-1"},"canonical":"https:\/\/corporate.napoleonsportsandcasino.be\/fr\/durabilite\/","og_locale":"fr_FR","og_type":"article","og_title":"D\u00e9veloppement durable - Napoleon Corporate","og_description":"Nous n\u2019op\u00e9rons bien s\u00fbr pas seuls. Napoleon Sports &amp; Casino collabore de mani\u00e8re loyale et transparente avec d&rsquo;autres...","og_url":"https:\/\/corporate.napoleonsportsandcasino.be\/fr\/durabilite\/","og_site_name":"Napoleon Corporate","article_modified_time":"2021-06-25T19:46:29+00:00","og_image":[{"url":"https:\/\/corporate.napoleonsportsandcasino.be\/wp-content\/uploads\/2021\/05\/bago.svg","type":"","width":"","height":""}],"twitter_card":"summary_large_image","twitter_misc":{"Dur\u00e9e de lecture estim\u00e9e":"2 minutes"},"schema":{"@context":"https:\/\/schema.org","@graph":[{"@type":"WebPage","@id":"https:\/\/corporate.napoleonsportsandcasino.be\/fr\/durabilite\/","url":"https:\/\/corporate.napoleonsportsandcasino.be\/fr\/durabilite\/","name":"D\u00e9veloppement durable - Napoleon Corporate","isPartOf":{"@id":"https:\/\/corporate.napoleonsportsandcasino.be\/fr\/#website"},"primaryImageOfPage":{"@id":"https:\/\/corporate.napoleonsportsandcasino.be\/fr\/durabilite\/#primaryimage"},"image":{"@id":"https:\/\/corporate.napoleonsportsandcasino.be\/fr\/durabilite\/#primaryimage"},"thumbnailUrl":"https:\/\/corporate.napoleonsportsandcasino.be\/wp-content\/uploads\/2021\/05\/bago.svg","datePublished":"2020-09-11T06:37:51+00:00","dateModified":"2021-06-25T19:46:29+00:00","breadcrumb":{"@id":"https:\/\/corporate.napoleonsportsandcasino.be\/fr\/durabilite\/#breadcrumb"},"inLanguage":"fr-FR","potentialAction":[{"@type":"ReadAction","target":["https:\/\/corporate.napoleonsportsandcasino.be\/fr\/durabilite\/"]}]},{"@type":"ImageObject","inLanguage":"fr-FR","@id":"https:\/\/corporate.napoleonsportsandcasino.be\/fr\/durabilite\/#primaryimage","url":"https:\/\/corporate.napoleonsportsandcasino.be\/wp-content\/uploads\/2021\/05\/bago.svg","contentUrl":"https:\/\/corporate.napoleonsportsandcasino.be\/wp-content\/uploads\/2021\/05\/bago.svg"},{"@type":"BreadcrumbList","@id":"https:\/\/corporate.napoleonsportsandcasino.be\/fr\/durabilite\/#breadcrumb","itemListElement":[{"@type":"ListItem","position":1,"name":"Home","item":"https:\/\/corporate.napoleonsportsandcasino.be\/fr\/"},{"@type":"ListItem","position":2,"name":"D\u00e9veloppement durable"}]},{"@type":"WebSite","@id":"https:\/\/corporate.napoleonsportsandcasino.be\/fr\/#website","url":"https:\/\/corporate.napoleonsportsandcasino.be\/fr\/","name":"Napoleon Corporate","description":"","publisher":{"@id":"https:\/\/corporate.napoleonsportsandcasino.be\/fr\/#organization"},"potentialAction":[{"@type":"SearchAction","target":{"@type":"EntryPoint","urlTemplate":"https:\/\/corporate.napoleonsportsandcasino.be\/fr\/?s={search_term_string}"},"query-input":{"@type":"PropertyValueSpecification","valueRequired":true,"valueName":"search_term_string"}}],"inLanguage":"fr-FR"},{"@type":"Organization","@id":"https:\/\/corporate.napoleonsportsandcasino.be\/fr\/#organization","name":"Napoleon Sports & Casino - Corporate","url":"https:\/\/corporate.napoleonsportsandcasino.be\/fr\/","logo":{"@type":"ImageObject","inLanguage":"fr-FR","@id":"https:\/\/corporate.napoleonsportsandcasino.be\/fr\/#\/schema\/logo\/image\/","url":"https:\/\/corporate.napoleonsportsandcasino.be\/wp-content\/uploads\/2021\/04\/homepage.jpg","contentUrl":"https:\/\/corporate.napoleonsportsandcasino.be\/wp-content\/uploads\/2021\/04\/homepage.jpg","width":1146,"height":706,"caption":"Napoleon Sports & Casino - Corporate"},"image":{"@id":"https:\/\/corporate.napoleonsportsandcasino.be\/fr\/#\/schema\/logo\/image\/"}}]}},"_links":{"self":[{"href":"https:\/\/corporate.napoleonsportsandcasino.be\/fr\/wp-json\/wp\/v2\/pages\/354","targetHints":{"allow":["GET"]}}],"collection":[{"href":"https:\/\/corporate.napoleonsportsandcasino.be\/fr\/wp-json\/wp\/v2\/pages"}],"about":[{"href":"https:\/\/corporate.napoleonsportsandcasino.be\/fr\/wp-json\/wp\/v2\/types\/page"}],"author":[{"embeddable":true,"href":"https:\/\/corporate.napoleonsportsandcasino.be\/fr\/wp-json\/wp\/v2\/users\/1"}],"replies":[{"embeddable":true,"href":"https:\/\/corporate.napoleonsportsandcasino.be\/fr\/wp-json\/wp\/v2\/comments?post=354"}],"version-history":[{"count":0,"href":"https:\/\/corporate.napoleonsportsandcasino.be\/fr\/wp-json\/wp\/v2\/pages\/354\/revisions"}],"wp:attachment":[{"href":"https:\/\/corporate.napoleonsportsandcasino.be\/fr\/wp-json\/wp\/v2\/media?parent=354"}],"curies":[{"name":"wp","href":"https:\/\/api.w.org\/{rel}","templated":true}]}}