{"id":361,"date":"2020-09-11T08:35:04","date_gmt":"2020-09-11T06:35:04","guid":{"rendered":"https:\/\/wordpress-391468-1476829.cloudwaysapps.com\/the-napoleon-story\/"},"modified":"2021-09-30T14:04:36","modified_gmt":"2021-09-30T12:04:36","slug":"lhistoire-de-napoleon","status":"publish","type":"page","link":"https:\/\/corporate.napoleonsportsandcasino.be\/fr\/a-propos\/lhistoire-de-napoleon\/","title":{"rendered":"\u00c0 propos de Napoleon"},"content":{"rendered":"<p>L\u2019aventure de Napoleon a commenc\u00e9 voici 40\u00a0ans d\u00e9j\u00e0. Depuis lors, la soci\u00e9t\u00e9 est devenue une entreprise de divertissement en ligne \u00e0 part enti\u00e8re. Napoleon Sports &amp; Casino a vu le jour en 2009. Deux ans plus tard, en 2011, la plateforme en ligne Napoleon Games \u00e9tait lanc\u00e9e. Aujourd&rsquo;hui, Napoleon Sports &amp; Casino est le leader du march\u00e9 en Belgique.<\/p>\n","protected":false},"excerpt":{"rendered":"<p>L\u2019aventure de Napoleon a commenc\u00e9 voici 40\u00a0ans d\u00e9j\u00e0. Depuis lors, la soci\u00e9t\u00e9 est devenue une entreprise de divertissement&#8230;<\/p>\n","protected":false},"author":1,"featured_media":0,"parent":363,"menu_order":0,"comment_status":"closed","ping_status":"closed","template":"templates\/timeline-page.php","meta":{"_acf_changed":false,"footnotes":""},"class_list":["post-361","page","type-page","status-publish","hentry"],"acf":[],"yoast_head":"<!-- This site is optimized with the Yoast SEO plugin v27.2 - https:\/\/yoast.com\/product\/yoast-seo-wordpress\/ -->\n<title>\u00c0 propos de Napoleon - Napoleon Corporate<\/title>\n<meta name=\"robots\" content=\"index, follow, max-snippet:-1, max-image-preview:large, max-video-preview:-1\" \/>\n<link rel=\"canonical\" href=\"https:\/\/corporate.napoleonsportsandcasino.be\/fr\/a-propos\/lhistoire-de-napoleon\/\" \/>\n<meta property=\"og:locale\" content=\"fr_FR\" \/>\n<meta property=\"og:type\" content=\"article\" \/>\n<meta property=\"og:title\" content=\"\u00c0 propos de Napoleon - Napoleon Corporate\" \/>\n<meta property=\"og:description\" content=\"L\u2019aventure de Napoleon a commenc\u00e9 voici 40\u00a0ans d\u00e9j\u00e0. Depuis lors, la soci\u00e9t\u00e9 est devenue une entreprise de divertissement...\" \/>\n<meta property=\"og:url\" content=\"https:\/\/corporate.napoleonsportsandcasino.be\/fr\/a-propos\/lhistoire-de-napoleon\/\" \/>\n<meta property=\"og:site_name\" content=\"Napoleon Corporate\" \/>\n<meta property=\"article:modified_time\" content=\"2021-09-30T12:04:36+00:00\" \/>\n<meta name=\"twitter:card\" content=\"summary_large_image\" \/>\n<meta name=\"twitter:label1\" content=\"Dur\u00e9e de lecture estim\u00e9e\" \/>\n\t<meta name=\"twitter:data1\" content=\"1 minute\" \/>\n<script type=\"application\/ld+json\" class=\"yoast-schema-graph\">{\"@context\":\"https:\/\/schema.org\",\"@graph\":[{\"@type\":\"WebPage\",\"@id\":\"https:\/\/corporate.napoleonsportsandcasino.be\/fr\/a-propos\/lhistoire-de-napoleon\/\",\"url\":\"https:\/\/corporate.napoleonsportsandcasino.be\/fr\/a-propos\/lhistoire-de-napoleon\/\",\"name\":\"\u00c0 propos de Napoleon - Napoleon Corporate\",\"isPartOf\":{\"@id\":\"https:\/\/corporate.napoleonsportsandcasino.be\/fr\/#website\"},\"datePublished\":\"2020-09-11T06:35:04+00:00\",\"dateModified\":\"2021-09-30T12:04:36+00:00\",\"breadcrumb\":{\"@id\":\"https:\/\/corporate.napoleonsportsandcasino.be\/fr\/a-propos\/lhistoire-de-napoleon\/#breadcrumb\"},\"inLanguage\":\"fr-FR\",\"potentialAction\":[{\"@type\":\"ReadAction\",\"target\":[\"https:\/\/corporate.napoleonsportsandcasino.be\/fr\/a-propos\/lhistoire-de-napoleon\/\"]}]},{\"@type\":\"BreadcrumbList\",\"@id\":\"https:\/\/corporate.napoleonsportsandcasino.be\/fr\/a-propos\/lhistoire-de-napoleon\/#breadcrumb\",\"itemListElement\":[{\"@type\":\"ListItem\",\"position\":1,\"name\":\"Home\",\"item\":\"https:\/\/corporate.napoleonsportsandcasino.be\/fr\/\"},{\"@type\":\"ListItem\",\"position\":2,\"name\":\"A propos\",\"item\":\"https:\/\/corporate.napoleonsportsandcasino.be\/nl\/over-ons\/\"},{\"@type\":\"ListItem\",\"position\":3,\"name\":\"\u00c0 propos de Napoleon\"}]},{\"@type\":\"WebSite\",\"@id\":\"https:\/\/corporate.napoleonsportsandcasino.be\/fr\/#website\",\"url\":\"https:\/\/corporate.napoleonsportsandcasino.be\/fr\/\",\"name\":\"Napoleon Corporate\",\"description\":\"\",\"publisher\":{\"@id\":\"https:\/\/corporate.napoleonsportsandcasino.be\/fr\/#organization\"},\"potentialAction\":[{\"@type\":\"SearchAction\",\"target\":{\"@type\":\"EntryPoint\",\"urlTemplate\":\"https:\/\/corporate.napoleonsportsandcasino.be\/fr\/?s={search_term_string}\"},\"query-input\":{\"@type\":\"PropertyValueSpecification\",\"valueRequired\":true,\"valueName\":\"search_term_string\"}}],\"inLanguage\":\"fr-FR\"},{\"@type\":\"Organization\",\"@id\":\"https:\/\/corporate.napoleonsportsandcasino.be\/fr\/#organization\",\"name\":\"Napoleon Sports & Casino - Corporate\",\"url\":\"https:\/\/corporate.napoleonsportsandcasino.be\/fr\/\",\"logo\":{\"@type\":\"ImageObject\",\"inLanguage\":\"fr-FR\",\"@id\":\"https:\/\/corporate.napoleonsportsandcasino.be\/fr\/#\/schema\/logo\/image\/\",\"url\":\"https:\/\/corporate.napoleonsportsandcasino.be\/wp-content\/uploads\/2021\/04\/homepage.jpg\",\"contentUrl\":\"https:\/\/corporate.napoleonsportsandcasino.be\/wp-content\/uploads\/2021\/04\/homepage.jpg\",\"width\":1146,\"height\":706,\"caption\":\"Napoleon Sports & Casino - Corporate\"},\"image\":{\"@id\":\"https:\/\/corporate.napoleonsportsandcasino.be\/fr\/#\/schema\/logo\/image\/\"}}]}<\/script>\n<!-- \/ Yoast SEO plugin. -->","yoast_head_json":{"title":"\u00c0 propos de Napoleon - Napoleon Corporate","robots":{"index":"index","follow":"follow","max-snippet":"max-snippet:-1","max-image-preview":"max-image-preview:large","max-video-preview":"max-video-preview:-1"},"canonical":"https:\/\/corporate.napoleonsportsandcasino.be\/fr\/a-propos\/lhistoire-de-napoleon\/","og_locale":"fr_FR","og_type":"article","og_title":"\u00c0 propos de Napoleon - Napoleon Corporate","og_description":"L\u2019aventure de Napoleon a commenc\u00e9 voici 40\u00a0ans d\u00e9j\u00e0. Depuis lors, la soci\u00e9t\u00e9 est devenue une entreprise de divertissement...","og_url":"https:\/\/corporate.napoleonsportsandcasino.be\/fr\/a-propos\/lhistoire-de-napoleon\/","og_site_name":"Napoleon Corporate","article_modified_time":"2021-09-30T12:04:36+00:00","twitter_card":"summary_large_image","twitter_misc":{"Dur\u00e9e de lecture estim\u00e9e":"1 minute"},"schema":{"@context":"https:\/\/schema.org","@graph":[{"@type":"WebPage","@id":"https:\/\/corporate.napoleonsportsandcasino.be\/fr\/a-propos\/lhistoire-de-napoleon\/","url":"https:\/\/corporate.napoleonsportsandcasino.be\/fr\/a-propos\/lhistoire-de-napoleon\/","name":"\u00c0 propos de Napoleon - Napoleon Corporate","isPartOf":{"@id":"https:\/\/corporate.napoleonsportsandcasino.be\/fr\/#website"},"datePublished":"2020-09-11T06:35:04+00:00","dateModified":"2021-09-30T12:04:36+00:00","breadcrumb":{"@id":"https:\/\/corporate.napoleonsportsandcasino.be\/fr\/a-propos\/lhistoire-de-napoleon\/#breadcrumb"},"inLanguage":"fr-FR","potentialAction":[{"@type":"ReadAction","target":["https:\/\/corporate.napoleonsportsandcasino.be\/fr\/a-propos\/lhistoire-de-napoleon\/"]}]},{"@type":"BreadcrumbList","@id":"https:\/\/corporate.napoleonsportsandcasino.be\/fr\/a-propos\/lhistoire-de-napoleon\/#breadcrumb","itemListElement":[{"@type":"ListItem","position":1,"name":"Home","item":"https:\/\/corporate.napoleonsportsandcasino.be\/fr\/"},{"@type":"ListItem","position":2,"name":"A propos","item":"https:\/\/corporate.napoleonsportsandcasino.be\/nl\/over-ons\/"},{"@type":"ListItem","position":3,"name":"\u00c0 propos de Napoleon"}]},{"@type":"WebSite","@id":"https:\/\/corporate.napoleonsportsandcasino.be\/fr\/#website","url":"https:\/\/corporate.napoleonsportsandcasino.be\/fr\/","name":"Napoleon Corporate","description":"","publisher":{"@id":"https:\/\/corporate.napoleonsportsandcasino.be\/fr\/#organization"},"potentialAction":[{"@type":"SearchAction","target":{"@type":"EntryPoint","urlTemplate":"https:\/\/corporate.napoleonsportsandcasino.be\/fr\/?s={search_term_string}"},"query-input":{"@type":"PropertyValueSpecification","valueRequired":true,"valueName":"search_term_string"}}],"inLanguage":"fr-FR"},{"@type":"Organization","@id":"https:\/\/corporate.napoleonsportsandcasino.be\/fr\/#organization","name":"Napoleon Sports & Casino - Corporate","url":"https:\/\/corporate.napoleonsportsandcasino.be\/fr\/","logo":{"@type":"ImageObject","inLanguage":"fr-FR","@id":"https:\/\/corporate.napoleonsportsandcasino.be\/fr\/#\/schema\/logo\/image\/","url":"https:\/\/corporate.napoleonsportsandcasino.be\/wp-content\/uploads\/2021\/04\/homepage.jpg","contentUrl":"https:\/\/corporate.napoleonsportsandcasino.be\/wp-content\/uploads\/2021\/04\/homepage.jpg","width":1146,"height":706,"caption":"Napoleon Sports & Casino - Corporate"},"image":{"@id":"https:\/\/corporate.napoleonsportsandcasino.be\/fr\/#\/schema\/logo\/image\/"}}]}},"_links":{"self":[{"href":"https:\/\/corporate.napoleonsportsandcasino.be\/fr\/wp-json\/wp\/v2\/pages\/361","targetHints":{"allow":["GET"]}}],"collection":[{"href":"https:\/\/corporate.napoleonsportsandcasino.be\/fr\/wp-json\/wp\/v2\/pages"}],"about":[{"href":"https:\/\/corporate.napoleonsportsandcasino.be\/fr\/wp-json\/wp\/v2\/types\/page"}],"author":[{"embeddable":true,"href":"https:\/\/corporate.napoleonsportsandcasino.be\/fr\/wp-json\/wp\/v2\/users\/1"}],"replies":[{"embeddable":true,"href":"https:\/\/corporate.napoleonsportsandcasino.be\/fr\/wp-json\/wp\/v2\/comments?post=361"}],"version-history":[{"count":0,"href":"https:\/\/corporate.napoleonsportsandcasino.be\/fr\/wp-json\/wp\/v2\/pages\/361\/revisions"}],"up":[{"embeddable":true,"href":"https:\/\/corporate.napoleonsportsandcasino.be\/fr\/wp-json\/wp\/v2\/pages\/363"}],"wp:attachment":[{"href":"https:\/\/corporate.napoleonsportsandcasino.be\/fr\/wp-json\/wp\/v2\/media?parent=361"}],"curies":[{"name":"wp","href":"https:\/\/api.w.org\/{rel}","templated":true}]}}