{"id":380,"date":"2020-11-09T14:47:57","date_gmt":"2020-11-09T12:47:57","guid":{"rendered":"https:\/\/wordpress-391468-1476829.cloudwaysapps.com\/sitemap\/"},"modified":"2020-12-04T17:26:38","modified_gmt":"2020-12-04T15:26:38","slug":"sitemap","status":"publish","type":"page","link":"https:\/\/corporate.napoleonsportsandcasino.be\/fr\/sitemap\/","title":{"rendered":"Sitemap"},"content":{"rendered":"<h2>Pages<\/h2>\n<div class=\"wsp-container\"><ul class=\"wsp-pages-list\">\n<li class=\"page_item page-item-363 page_item_has_children\"><a href=\"https:\/\/corporate.napoleonsportsandcasino.be\/fr\/a-propos\/\">A propos<\/a>\n<ul class='children'>\n\t<li class=\"page_item page-item-361\"><a href=\"https:\/\/corporate.napoleonsportsandcasino.be\/fr\/a-propos\/lhistoire-de-napoleon\/\">\u00c0 propos de Napoleon<\/a><\/li>\n\t<li class=\"page_item page-item-358\"><a href=\"https:\/\/corporate.napoleonsportsandcasino.be\/fr\/a-propos\/cultures-et-valeurs\/\">Notre mission et notre vision<\/a><\/li>\n\t<li class=\"page_item page-item-356\"><a href=\"https:\/\/corporate.napoleonsportsandcasino.be\/fr\/a-propos\/notre-structure\/\">Notre structure<\/a><\/li>\n<\/ul>\n<\/li>\n<li class=\"page_item page-item-366 current_page_parent\"><a href=\"https:\/\/corporate.napoleonsportsandcasino.be\/fr\/nouvelles\/\">Actualit\u00e9s<\/a><\/li>\n<li class=\"page_item page-item-1786\"><a href=\"https:\/\/corporate.napoleonsportsandcasino.be\/fr\/comment-notre-entreprise-se-situe-dans-le-monde\/\">Comment notre entreprise se situe dans le monde<\/a><\/li>\n<li class=\"page_item page-item-342\"><a href=\"https:\/\/corporate.napoleonsportsandcasino.be\/fr\/contact\/\">Contact<\/a><\/li>\n<li class=\"page_item page-item-726\"><a href=\"https:\/\/corporate.napoleonsportsandcasino.be\/fr\/contact-2\/\">Contact<\/a><\/li>\n<li class=\"page_item page-item-368\"><a href=\"https:\/\/corporate.napoleonsportsandcasino.be\/fr\/cookie-policy\/\">Cookie Policy<\/a><\/li>\n<li class=\"page_item page-item-354 page_item_has_children\"><a href=\"https:\/\/corporate.napoleonsportsandcasino.be\/fr\/durabilite\/\">D\u00e9veloppement durable<\/a>\n<ul class='children'>\n\t<li class=\"page_item page-item-351\"><a href=\"https:\/\/corporate.napoleonsportsandcasino.be\/fr\/durabilite\/corp-citizenship\/\">Corp. Citizenship<\/a><\/li>\n\t<li class=\"page_item page-item-349\"><a href=\"https:\/\/corporate.napoleonsportsandcasino.be\/fr\/durabilite\/responsible-gaming\/\">Jeu Responsable<\/a><\/li>\n\t<li class=\"page_item page-item-306\"><a href=\"https:\/\/corporate.napoleonsportsandcasino.be\/fr\/durabilite\/new-page\/\">New page<\/a><\/li>\n\t<li class=\"page_item page-item-346\"><a href=\"https:\/\/corporate.napoleonsportsandcasino.be\/fr\/durabilite\/legalite-et-conformite\/\">R\u00e9glementation sur les jeux de hasard et les paris<\/a><\/li>\n<\/ul>\n<\/li>\n<li class=\"page_item page-item-1050\"><a href=\"https:\/\/corporate.napoleonsportsandcasino.be\/fr\/envie-de-nous-rejoindre\/\">Envie de nous rejoindre ?<\/a><\/li>\n<li class=\"page_item page-item-375\"><a href=\"https:\/\/corporate.napoleonsportsandcasino.be\/fr\/\">Home<\/a><\/li>\n<li class=\"page_item page-item-708\"><a href=\"https:\/\/corporate.napoleonsportsandcasino.be\/fr\/nos-valeurs\/\">Nos valeurs<\/a><\/li>\n<li class=\"page_item page-item-1768\"><a href=\"https:\/\/corporate.napoleonsportsandcasino.be\/fr\/notre-motivation\/\">Notre motivation<\/a><\/li>\n<li class=\"page_item page-item-1005\"><a href=\"https:\/\/corporate.napoleonsportsandcasino.be\/fr\/offres-demploi\/\">offres d&#8217;emploi<\/a><\/li>\n<li class=\"page_item page-item-344\"><a href=\"https:\/\/corporate.napoleonsportsandcasino.be\/fr\/partenariats\/\">Partenariats<\/a><\/li>\n<li class=\"page_item page-item-509\"><a href=\"https:\/\/corporate.napoleonsportsandcasino.be\/fr\/postuler\/\">Postuler<\/a><\/li>\n<li class=\"page_item page-item-373\"><a href=\"https:\/\/corporate.napoleonsportsandcasino.be\/fr\/privacy-policy\/\">Privacy Policy<\/a><\/li>\n<li class=\"page_item page-item-1812\"><a href=\"https:\/\/corporate.napoleonsportsandcasino.be\/fr\/que-signifie-travailler-pour-napleon\/\">Que signifie travailler pour Napleon ?<\/a><\/li>\n<li class=\"page_item page-item-380\"><a href=\"https:\/\/corporate.napoleonsportsandcasino.be\/fr\/sitemap\/\">Sitemap<\/a><\/li>\n<li class=\"page_item page-item-1810\"><a href=\"https:\/\/corporate.napoleonsportsandcasino.be\/fr\/what-does-working-at-napoleon-mean\/\">What does working at Napoleon mean?<\/a><\/li>\n<\/ul>\n<\/div>\n<h2>Nouvelles<\/h2>\n<div class=\"wsp-container\"><ul class=\"wsp-posts-list\">\n\t<li><strong class=\"wsp-category-title\"><a href=\"https:\/\/corporate.napoleonsportsandcasino.be\/fr\/nouvelles\/sustainable-story-fr\/\">D\u00e9veloppement durable<\/a><\/strong>\n<ul class=\"wsp-posts-list\">\t\t<li class=\"wsp-post\"><a href=\"https:\/\/corporate.napoleonsportsandcasino.be\/fr\/nouvelles\/sustainable-story-fr\/napoleon-participe-a-nouveau-a-la-european-safer-gambling-week\/\">NAPOLEON PARTICIPE A NOUVEAU A LA \u00ab\u00a0EUROPEAN SAFER GAMBLING WEEK\u00a0\u00bb<\/a><\/li>\n<\/ul><\/li>\n\t<li><strong class=\"wsp-category-title\"><a href=\"https:\/\/corporate.napoleonsportsandcasino.be\/fr\/nouvelles\/frisson\/\">Frisson<\/a><\/strong>\n<ul class=\"wsp-posts-list\">\t\t<li class=\"wsp-post\"><a href=\"https:\/\/corporate.napoleonsportsandcasino.be\/fr\/nouvelles\/general\/record-du-monde-le-plus-gros-jackpot-en-ligne-de-tous-les-temps-revient-a-napoleon-un-joueur-belge-remporte-19-430-72360-euros\/\">Record du monde! Le plus gros jackpot en ligne de tous les temps revient \u00e0 Napol\u00e9on. Un joueur belge remporte 19.430.723,60 euros<\/a><\/li>\n<\/ul><\/li>\n\t<li><strong class=\"wsp-category-title\"><a href=\"https:\/\/corporate.napoleonsportsandcasino.be\/fr\/nouvelles\/non-classifiee\/\">G\u00e9n\u00e9ral<\/a><\/strong>\n<ul class=\"wsp-posts-list\">\t\t<li class=\"wsp-post\"><a href=\"https:\/\/corporate.napoleonsportsandcasino.be\/fr\/nouvelles\/general\/de-fonctionnaire-a-ambassadrice-le-parcours-de-chiara-chez-napoleon\/\">De fonctionnaire \u00e0 ambassadrice : le parcours de Chiara chez Napoleon<\/a><\/li>\n\t\t<li class=\"wsp-post\"><a href=\"https:\/\/corporate.napoleonsportsandcasino.be\/fr\/nouvelles\/general\/all-in-sur-le-talent-des-professionnels-rh-dans-les-coulisses-de-napoleon-sports-casino\/\">All-in sur le talent : des professionnels RH dans les coulisses de Napoleon Sports &#038; Casino<\/a><\/li>\n\t\t<li class=\"wsp-post\"><a href=\"https:\/\/corporate.napoleonsportsandcasino.be\/fr\/nouvelles\/general\/le-grand-casino-de-knokke-recoit-pour-la-troisieme-fois-le-prix-du-meilleur-casino-de-belgique\/\">Le Grand Casino de Knokke re\u00e7oit pour la troisi\u00e8me fois le prix du meilleur casino de Belgique<\/a><\/li>\n\t\t<li class=\"wsp-post\"><a href=\"https:\/\/corporate.napoleonsportsandcasino.be\/fr\/nouvelles\/general\/charte-devoir-dencadrement-proteger-les-joueurs-dans-un-monde-digital\/\">Charte \u00ab\u202fDevoir d\u2019encadrement\u202f\u00bb : prot\u00e9ger les joueurs dans un monde digital<\/a><\/li>\n\t\t<li class=\"wsp-post\"><a href=\"https:\/\/corporate.napoleonsportsandcasino.be\/fr\/nouvelles\/general\/napoleon-soutient-la-collecte-de-fonds-de-remco-evenepoel-et-oumi-rayane-en-faveur-des-victimes-au-maroc\/\">Napoleon soutient la collecte de fonds de Remco Evenepoel et Oumi Rayane en faveur des victimes au Maroc<\/a><\/li>\n\t\t<li class=\"wsp-post\"><a href=\"https:\/\/corporate.napoleonsportsandcasino.be\/fr\/nouvelles\/general\/dr-michael-auer-est-lorateur-principal-du-2e-evenement-interne-sur-le-jeu-responsable\/\">DR. Michael Auer est l&rsquo;orateur principal du 2e \u00e9v\u00e9nement interne sur le jeu responsable<\/a><\/li>\n\t\t<li class=\"wsp-post\"><a href=\"https:\/\/corporate.napoleonsportsandcasino.be\/fr\/nouvelles\/general\/napoleon-renouvelle-sa-certification-iso-27001\/\">Napoleon renouvelle sa certification ISO 27001<\/a><\/li>\n\t\t<li class=\"wsp-post\"><a href=\"https:\/\/corporate.napoleonsportsandcasino.be\/fr\/nouvelles\/general\/napoleon-sports-devient-main-corporate-sponsor-du-rsca\/\">Napoleon Sports devient main corporate sponsor du RSCA<\/a><\/li>\n\t\t<li class=\"wsp-post\"><a href=\"https:\/\/corporate.napoleonsportsandcasino.be\/fr\/nouvelles\/general\/napoleon-sports-et-essevee-prolongent-leur-partenariat\/\">NAPOLEON SPORTS ET ESSEVEE PROLONGENT LEUR PARTENARIAT<\/a><\/li>\n\t\t<li class=\"wsp-post\"><a href=\"https:\/\/corporate.napoleonsportsandcasino.be\/fr\/nouvelles\/algemeen\/napoleon-genomineerd-als-beste-west-europese-operator\/\">Napoleon est nomm\u00e9 pour le meilleur op\u00e9rateur d&rsquo;Europe occidentale<\/a><\/li>\n\t\t<li class=\"wsp-post\"><a href=\"https:\/\/corporate.napoleonsportsandcasino.be\/fr\/nouvelles\/general\/interdicition-de-publicite-sur-les-jeux-le-joueur-est-la-victime\/\">Interdicition de publicit\u00e9 sur les jeux: le joueur est la victime<\/a><\/li>\n\t\t<li class=\"wsp-post\"><a href=\"https:\/\/corporate.napoleonsportsandcasino.be\/fr\/nouvelles\/general\/debat-interessant-durant-notre-table-ronde-sur-le-marketing-sportif\/\">D\u00e9bat int\u00e9ressant durant notre table ronde sur le marketing sportif<\/a><\/li>\n\t\t<li class=\"wsp-post\"><a href=\"https:\/\/corporate.napoleonsportsandcasino.be\/fr\/nouvelles\/general\/notre-partenaire-ia-neccton-remporte-un-prix-prestigieux\/\">Notre partenaire IA Neccton remporte un prix prestigieux<\/a><\/li>\n\t\t<li class=\"wsp-post\"><a href=\"https:\/\/corporate.napoleonsportsandcasino.be\/fr\/nouvelles\/general\/des-chefs-dentreprise-font-la-course-a-zolder-avec-les-voitures-xwift-napoleon\/\">Des chefs d\u2019entreprise font la course \u00e0 Zolder avec les voitures Xwift-Napoleon<\/a><\/li>\n\t\t<li class=\"wsp-post\"><a href=\"https:\/\/corporate.napoleonsportsandcasino.be\/fr\/nouvelles\/general\/campagne-de-sensibilisation-avec-le-cercle-sur-la-lutte-contre-la-leucemie\/\">Campagne de sensibilisation avec le Cercle sur la lutte contre la leuc\u00e9mie<\/a><\/li>\n\t\t<li class=\"wsp-post\"><a href=\"https:\/\/corporate.napoleonsportsandcasino.be\/fr\/nouvelles\/general\/napoleon-et-le-wolfpack-3-annees-supplementaires-de-frissons-historiques\/\">Napoleon et le Wolfpack : 3 ann\u00e9es suppl\u00e9mentaires de frissons historiques<\/a><\/li>\n\t\t<li class=\"wsp-post\"><a href=\"https:\/\/corporate.napoleonsportsandcasino.be\/fr\/nouvelles\/general\/tom-boonen-est-le-visage-de-la-nouvelle-campagne-de-napoleon-sports-casino-sur-le-jeu-responsable\/\">Tom Boonen est le visage de la nouvelle campagne de Napoleon Sports &#038; Casino sur le jeu responsable<\/a><\/li>\n\t\t<li class=\"wsp-post\"><a href=\"https:\/\/corporate.napoleonsportsandcasino.be\/fr\/nouvelles\/non-classifiee\/cest-reparti-pour-2-ans-avec-le-cercle-de-brugge\/\">C&rsquo;est reparti pour 2 ans avec le Cercle de Brugge!<\/a><\/li>\n\t\t<li class=\"wsp-post\"><a href=\"https:\/\/corporate.napoleonsportsandcasino.be\/fr\/nouvelles\/napoleon-heros-fr\/50-years-after-the-moon-landing-how-close-space-travel-really-6\/\">Simple et s\u00fbr : Napol\u00e9on Sports &#038; Casino introduit la v\u00e9rification d&rsquo;identit\u00e9 avec itsme\u00ae<\/a><\/li>\n\t\t<li class=\"wsp-post\"><a href=\"https:\/\/corporate.napoleonsportsandcasino.be\/fr\/nouvelles\/pressroom-fr\/50-years-after-the-moon-landing-how-close-space-travel-really-8\/\">Napoleon Sports &#038; Casino re\u00e7oit ses 2 premi\u00e8res certifications ISO !<\/a><\/li>\n<\/ul><\/li>\n\t<li><strong class=\"wsp-category-title\"><a href=\"https:\/\/corporate.napoleonsportsandcasino.be\/fr\/nouvelles\/napoleon-heros-fr\/\">Napoleon Heros<\/a><\/strong>\n<\/li>\n\t<li><strong class=\"wsp-category-title\"><a href=\"https:\/\/corporate.napoleonsportsandcasino.be\/fr\/nouvelles\/pressroom-fr\/\">Pressroom<\/a><\/strong>\n<ul class=\"wsp-posts-list\">\t\t<li class=\"wsp-post\"><a href=\"https:\/\/corporate.napoleonsportsandcasino.be\/fr\/nouvelles\/pressroom-fr\/la-culture-de-travail-surprenante-de-napoleon-sports-casino\/\">La culture de travail surprenante de Napoleon Sports &#038; Casino<\/a><\/li>\n\t\t<li class=\"wsp-post\"><a href=\"https:\/\/corporate.napoleonsportsandcasino.be\/fr\/nouvelles\/general\/napoleon-defend-la-publicite-comme-un-outil-essentiel-pour-la-protection-des-joueurs\/\">Napol\u00e9on d\u00e9fend la publicit\u00e9 comme un outil essentiel pour la  protection des joueurs<\/a><\/li>\n\t\t<li class=\"wsp-post\"><a href=\"https:\/\/corporate.napoleonsportsandcasino.be\/fr\/nouvelles\/pressroom-fr\/napoleon-sports-casino-soutient-et-sensibilise-les-equipes-sportives-locales-avec-une-nouvelle-campagne\/\">Napoleon Sports &#038; Casino soutient et sensibilise les \u00e9quipes sportives locales avec une nouvelle campagne<\/a><\/li>\n\t\t<li class=\"wsp-post\"><a href=\"https:\/\/corporate.napoleonsportsandcasino.be\/fr\/nouvelles\/pressroom-fr\/top-25-a-trends-gazelles\/\">TOP 25 \u00c0 TRENDS GAZELLES<\/a><\/li>\n\t\t<li class=\"wsp-post\"><a href=\"https:\/\/corporate.napoleonsportsandcasino.be\/fr\/nouvelles\/general\/napoleon-est-fier-dannoncer-larrivee-du-podcast-nonante-minutes\/\">Napoleon est fier d\u2019annoncer l&rsquo;arriv\u00e9e du podcast &lsquo;Nonante Minutes&rsquo;.<\/a><\/li>\n\t\t<li class=\"wsp-post\"><a href=\"https:\/\/corporate.napoleonsportsandcasino.be\/fr\/nouvelles\/pressroom-fr\/napoleon-sports-casino-va-etre-rachete-par-le-groupe-superbet\/\">Napoleon Sports &#038; Casino va \u00eatre rachet\u00e9 par le groupe Superbet<\/a><\/li>\n<\/ul><\/li>\n<\/ul>\n<\/div>\n","protected":false},"excerpt":{"rendered":"<p>Pages Nouvelles<\/p>\n","protected":false},"author":1,"featured_media":0,"parent":0,"menu_order":0,"comment_status":"closed","ping_status":"closed","template":"","meta":{"_acf_changed":false,"footnotes":""},"class_list":["post-380","page","type-page","status-publish","hentry"],"acf":[],"yoast_head":"<!-- This site is optimized with the Yoast SEO plugin v27.2 - https:\/\/yoast.com\/product\/yoast-seo-wordpress\/ -->\n<title>Sitemap - Napoleon Corporate<\/title>\n<meta name=\"robots\" content=\"index, follow, max-snippet:-1, max-image-preview:large, max-video-preview:-1\" \/>\n<link rel=\"canonical\" href=\"https:\/\/corporate.napoleonsportsandcasino.be\/fr\/sitemap\/\" \/>\n<meta property=\"og:locale\" content=\"fr_FR\" \/>\n<meta property=\"og:type\" content=\"article\" \/>\n<meta property=\"og:title\" content=\"Sitemap - Napoleon Corporate\" \/>\n<meta property=\"og:description\" content=\"Pages Nouvelles\" \/>\n<meta property=\"og:url\" content=\"https:\/\/corporate.napoleonsportsandcasino.be\/fr\/sitemap\/\" \/>\n<meta property=\"og:site_name\" content=\"Napoleon Corporate\" \/>\n<meta property=\"article:modified_time\" content=\"2020-12-04T15:26:38+00:00\" \/>\n<meta name=\"twitter:card\" content=\"summary_large_image\" \/>\n<script type=\"application\/ld+json\" class=\"yoast-schema-graph\">{\"@context\":\"https:\/\/schema.org\",\"@graph\":[{\"@type\":\"WebPage\",\"@id\":\"https:\/\/corporate.napoleonsportsandcasino.be\/fr\/sitemap\/\",\"url\":\"https:\/\/corporate.napoleonsportsandcasino.be\/fr\/sitemap\/\",\"name\":\"Sitemap - Napoleon Corporate\",\"isPartOf\":{\"@id\":\"https:\/\/corporate.napoleonsportsandcasino.be\/fr\/#website\"},\"datePublished\":\"2020-11-09T12:47:57+00:00\",\"dateModified\":\"2020-12-04T15:26:38+00:00\",\"breadcrumb\":{\"@id\":\"https:\/\/corporate.napoleonsportsandcasino.be\/fr\/sitemap\/#breadcrumb\"},\"inLanguage\":\"fr-FR\",\"potentialAction\":[{\"@type\":\"ReadAction\",\"target\":[\"https:\/\/corporate.napoleonsportsandcasino.be\/fr\/sitemap\/\"]}]},{\"@type\":\"BreadcrumbList\",\"@id\":\"https:\/\/corporate.napoleonsportsandcasino.be\/fr\/sitemap\/#breadcrumb\",\"itemListElement\":[{\"@type\":\"ListItem\",\"position\":1,\"name\":\"Home\",\"item\":\"https:\/\/corporate.napoleonsportsandcasino.be\/fr\/\"},{\"@type\":\"ListItem\",\"position\":2,\"name\":\"Sitemap\"}]},{\"@type\":\"WebSite\",\"@id\":\"https:\/\/corporate.napoleonsportsandcasino.be\/fr\/#website\",\"url\":\"https:\/\/corporate.napoleonsportsandcasino.be\/fr\/\",\"name\":\"Napoleon Corporate\",\"description\":\"\",\"publisher\":{\"@id\":\"https:\/\/corporate.napoleonsportsandcasino.be\/fr\/#organization\"},\"potentialAction\":[{\"@type\":\"SearchAction\",\"target\":{\"@type\":\"EntryPoint\",\"urlTemplate\":\"https:\/\/corporate.napoleonsportsandcasino.be\/fr\/?s={search_term_string}\"},\"query-input\":{\"@type\":\"PropertyValueSpecification\",\"valueRequired\":true,\"valueName\":\"search_term_string\"}}],\"inLanguage\":\"fr-FR\"},{\"@type\":\"Organization\",\"@id\":\"https:\/\/corporate.napoleonsportsandcasino.be\/fr\/#organization\",\"name\":\"Napoleon Sports & Casino - Corporate\",\"url\":\"https:\/\/corporate.napoleonsportsandcasino.be\/fr\/\",\"logo\":{\"@type\":\"ImageObject\",\"inLanguage\":\"fr-FR\",\"@id\":\"https:\/\/corporate.napoleonsportsandcasino.be\/fr\/#\/schema\/logo\/image\/\",\"url\":\"https:\/\/corporate.napoleonsportsandcasino.be\/wp-content\/uploads\/2021\/04\/homepage.jpg\",\"contentUrl\":\"https:\/\/corporate.napoleonsportsandcasino.be\/wp-content\/uploads\/2021\/04\/homepage.jpg\",\"width\":1146,\"height\":706,\"caption\":\"Napoleon Sports & Casino - Corporate\"},\"image\":{\"@id\":\"https:\/\/corporate.napoleonsportsandcasino.be\/fr\/#\/schema\/logo\/image\/\"}}]}<\/script>\n<!-- \/ Yoast SEO plugin. -->","yoast_head_json":{"title":"Sitemap - Napoleon Corporate","robots":{"index":"index","follow":"follow","max-snippet":"max-snippet:-1","max-image-preview":"max-image-preview:large","max-video-preview":"max-video-preview:-1"},"canonical":"https:\/\/corporate.napoleonsportsandcasino.be\/fr\/sitemap\/","og_locale":"fr_FR","og_type":"article","og_title":"Sitemap - Napoleon Corporate","og_description":"Pages Nouvelles","og_url":"https:\/\/corporate.napoleonsportsandcasino.be\/fr\/sitemap\/","og_site_name":"Napoleon Corporate","article_modified_time":"2020-12-04T15:26:38+00:00","twitter_card":"summary_large_image","schema":{"@context":"https:\/\/schema.org","@graph":[{"@type":"WebPage","@id":"https:\/\/corporate.napoleonsportsandcasino.be\/fr\/sitemap\/","url":"https:\/\/corporate.napoleonsportsandcasino.be\/fr\/sitemap\/","name":"Sitemap - Napoleon Corporate","isPartOf":{"@id":"https:\/\/corporate.napoleonsportsandcasino.be\/fr\/#website"},"datePublished":"2020-11-09T12:47:57+00:00","dateModified":"2020-12-04T15:26:38+00:00","breadcrumb":{"@id":"https:\/\/corporate.napoleonsportsandcasino.be\/fr\/sitemap\/#breadcrumb"},"inLanguage":"fr-FR","potentialAction":[{"@type":"ReadAction","target":["https:\/\/corporate.napoleonsportsandcasino.be\/fr\/sitemap\/"]}]},{"@type":"BreadcrumbList","@id":"https:\/\/corporate.napoleonsportsandcasino.be\/fr\/sitemap\/#breadcrumb","itemListElement":[{"@type":"ListItem","position":1,"name":"Home","item":"https:\/\/corporate.napoleonsportsandcasino.be\/fr\/"},{"@type":"ListItem","position":2,"name":"Sitemap"}]},{"@type":"WebSite","@id":"https:\/\/corporate.napoleonsportsandcasino.be\/fr\/#website","url":"https:\/\/corporate.napoleonsportsandcasino.be\/fr\/","name":"Napoleon Corporate","description":"","publisher":{"@id":"https:\/\/corporate.napoleonsportsandcasino.be\/fr\/#organization"},"potentialAction":[{"@type":"SearchAction","target":{"@type":"EntryPoint","urlTemplate":"https:\/\/corporate.napoleonsportsandcasino.be\/fr\/?s={search_term_string}"},"query-input":{"@type":"PropertyValueSpecification","valueRequired":true,"valueName":"search_term_string"}}],"inLanguage":"fr-FR"},{"@type":"Organization","@id":"https:\/\/corporate.napoleonsportsandcasino.be\/fr\/#organization","name":"Napoleon Sports & Casino - Corporate","url":"https:\/\/corporate.napoleonsportsandcasino.be\/fr\/","logo":{"@type":"ImageObject","inLanguage":"fr-FR","@id":"https:\/\/corporate.napoleonsportsandcasino.be\/fr\/#\/schema\/logo\/image\/","url":"https:\/\/corporate.napoleonsportsandcasino.be\/wp-content\/uploads\/2021\/04\/homepage.jpg","contentUrl":"https:\/\/corporate.napoleonsportsandcasino.be\/wp-content\/uploads\/2021\/04\/homepage.jpg","width":1146,"height":706,"caption":"Napoleon Sports & Casino - Corporate"},"image":{"@id":"https:\/\/corporate.napoleonsportsandcasino.be\/fr\/#\/schema\/logo\/image\/"}}]}},"_links":{"self":[{"href":"https:\/\/corporate.napoleonsportsandcasino.be\/fr\/wp-json\/wp\/v2\/pages\/380","targetHints":{"allow":["GET"]}}],"collection":[{"href":"https:\/\/corporate.napoleonsportsandcasino.be\/fr\/wp-json\/wp\/v2\/pages"}],"about":[{"href":"https:\/\/corporate.napoleonsportsandcasino.be\/fr\/wp-json\/wp\/v2\/types\/page"}],"author":[{"embeddable":true,"href":"https:\/\/corporate.napoleonsportsandcasino.be\/fr\/wp-json\/wp\/v2\/users\/1"}],"replies":[{"embeddable":true,"href":"https:\/\/corporate.napoleonsportsandcasino.be\/fr\/wp-json\/wp\/v2\/comments?post=380"}],"version-history":[{"count":0,"href":"https:\/\/corporate.napoleonsportsandcasino.be\/fr\/wp-json\/wp\/v2\/pages\/380\/revisions"}],"wp:attachment":[{"href":"https:\/\/corporate.napoleonsportsandcasino.be\/fr\/wp-json\/wp\/v2\/media?parent=380"}],"curies":[{"name":"wp","href":"https:\/\/api.w.org\/{rel}","templated":true}]}}